{"id":1212,"date":"2024-11-07T00:37:26","date_gmt":"2024-11-06T23:37:26","guid":{"rendered":"https:\/\/grandline.200.solutions\/?post_type=product&#038;p=1212"},"modified":"2024-11-13T12:29:22","modified_gmt":"2024-11-13T11:29:22","slug":"tokyo-ghoul-ken-kaneki-a5-zapisnik","status":"publish","type":"product","link":"https:\/\/grandline.200.solutions\/?product=tokyo-ghoul-ken-kaneki-a5-zapisnik","title":{"rendered":"Tokyo Ghoul Ken Kaneki A5 Z\u00e1pisn\u00edk"},"content":{"rendered":"<p><span style=\"font-weight: 400;\">Z\u00e1pisn\u00edk <\/span><b>Tokyo Ghoul Ken Kaneki A5<\/b><span style=\"font-weight: 400;\"> je ide\u00e1ln\u00ed pro ka\u017ed\u00e9ho fanou\u0161ka s\u00e9rie Tokyo Ghoul. Tento z\u00e1pisn\u00edk m\u00e1 tvrd\u00e9 desky s matn\u00fdm povrchem a z\u00e1lo\u017ekou pro snadn\u00e9 ozna\u010den\u00ed str\u00e1nek. Na ob\u00e1lce jsou zobrazena hlavn\u00ed postava Kena Kaneki v jeho ikonick\u00e9m outfitu, co\u017e dod\u00e1v\u00e1 z\u00e1pisn\u00edku jedine\u010dn\u00fd vzhled.<\/span><\/p>\n<p><b>Vlastnosti:\u00a0<\/b><\/p>\n<p><span style=\"font-weight: 400;\">V\u00fd\u0161ka &#8211; 21,7 cm<\/span><\/p>\n<p><span style=\"font-weight: 400;\">\u0160\u00ed\u0159ka &#8211; 15,5 cm<\/span><\/p>\n<p><span style=\"font-weight: 400;\">Materi\u00e1l &#8211; Pap\u00edr<\/span><\/p>\n<p><span style=\"font-weight: 400;\">180 str\u00e1nek<\/span><\/p>\n","protected":false},"excerpt":{"rendered":"<p><span style=\"font-weight: 400;\">Z\u00e1pisn\u00edk <\/span><b>Tokyo Ghoul Ken Kaneki A5<\/b><span style=\"font-weight: 400;\"> je ide\u00e1ln\u00ed pro ka\u017ed\u00e9ho fanou\u0161ka s\u00e9rie Tokyo Ghoul. Tento z\u00e1pisn\u00edk m\u00e1 tvrd\u00e9 desky s matn\u00fdm povrchem a z\u00e1lo\u017ekou pro snadn\u00e9 ozna\u010den\u00ed str\u00e1nek. Na ob\u00e1lce jsou zobrazena hlavn\u00ed postava Kena Kaneki v jeho ikonick\u00e9m outfitu, co\u017e dod\u00e1v\u00e1 z\u00e1pisn\u00edku jedine\u010dn\u00fd vzhled.<\/span><\/p>\n","protected":false},"featured_media":1217,"comment_status":"open","ping_status":"closed","template":"","meta":{"inline_featured_image":false},"product_cat":[76,87,65],"product_tag":[],"class_list":{"0":"post-1212","1":"product","2":"type-product","3":"status-publish","4":"has-post-thumbnail","6":"product_cat-abystyle","7":"product_cat-tokyo-ghoul","8":"product_cat-zapisniky","10":"first","11":"instock","12":"shipping-taxable","13":"purchasable","14":"product-type-simple"},"_links":{"self":[{"href":"https:\/\/grandline.200.solutions\/index.php?rest_route=\/wp\/v2\/product\/1212","targetHints":{"allow":["GET"]}}],"collection":[{"href":"https:\/\/grandline.200.solutions\/index.php?rest_route=\/wp\/v2\/product"}],"about":[{"href":"https:\/\/grandline.200.solutions\/index.php?rest_route=\/wp\/v2\/types\/product"}],"replies":[{"embeddable":true,"href":"https:\/\/grandline.200.solutions\/index.php?rest_route=%2Fwp%2Fv2%2Fcomments&post=1212"}],"wp:featuredmedia":[{"embeddable":true,"href":"https:\/\/grandline.200.solutions\/index.php?rest_route=\/wp\/v2\/media\/1217"}],"wp:attachment":[{"href":"https:\/\/grandline.200.solutions\/index.php?rest_route=%2Fwp%2Fv2%2Fmedia&parent=1212"}],"wp:term":[{"taxonomy":"product_cat","embeddable":true,"href":"https:\/\/grandline.200.solutions\/index.php?rest_route=%2Fwp%2Fv2%2Fproduct_cat&post=1212"},{"taxonomy":"product_tag","embeddable":true,"href":"https:\/\/grandline.200.solutions\/index.php?rest_route=%2Fwp%2Fv2%2Fproduct_tag&post=1212"}],"curies":[{"name":"wp","href":"https:\/\/api.w.org\/{rel}","templated":true}]}}