{"id":1208,"date":"2024-11-07T00:32:41","date_gmt":"2024-11-06T23:32:41","guid":{"rendered":"https:\/\/grandline.200.solutions\/?post_type=product&#038;p=1208"},"modified":"2024-11-13T12:28:48","modified_gmt":"2024-11-13T11:28:48","slug":"tokyo-ghoul-group-plakat","status":"publish","type":"product","link":"https:\/\/grandline.200.solutions\/?product=tokyo-ghoul-group-plakat","title":{"rendered":"Tokyo Ghoul Group Plak\u00e1t"},"content":{"rendered":"<p><span style=\"font-weight: 400;\">Plak\u00e1t <\/span><b>Tokyo Ghoul Group<\/b><span style=\"font-weight: 400;\"> zobrazuje hlavn\u00ed postavy z anime s\u00e9rie Tokyo Ghoul. Perfektn\u00ed dopln\u011bk pro ka\u017ed\u00e9ho fanou\u0161ka anime Tokyo Ghoul. Plak\u00e1t je opat\u0159en ochrannou vrstvou proti degradaci barev, co\u017e zaji\u0161\u0165uje jeho dlouhou \u017eivotnost<\/span><\/p>\n<p><b>Vlastnosti:\u00a0<\/b><\/p>\n<p><span style=\"font-weight: 400;\">V\u00fd\u0161ka &#8211; 52 cm<\/span><\/p>\n<p><span style=\"font-weight: 400;\">\u0160\u00ed\u0159ka &#8211; 38 cm<\/span><\/p>\n","protected":false},"excerpt":{"rendered":"<p><span style=\"font-weight: 400;\">Plak\u00e1t <\/span><b>Tokyo Ghoul Group<\/b><span style=\"font-weight: 400;\"> zobrazuje hlavn\u00ed postavy z anime s\u00e9rie Tokyo Ghoul. Perfektn\u00ed dopln\u011bk pro ka\u017ed\u00e9ho fanou\u0161ka anime Tokyo Ghoul. Plak\u00e1t je opat\u0159en ochrannou vrstvou proti degradaci barev, co\u017e zaji\u0161\u0165uje jeho dlouhou \u017eivotnost<\/span><\/p>\n","protected":false},"featured_media":1209,"comment_status":"open","ping_status":"closed","template":"","meta":{"inline_featured_image":false},"product_cat":[76,59,87],"product_tag":[],"class_list":{"0":"post-1208","1":"product","2":"type-product","3":"status-publish","4":"has-post-thumbnail","6":"product_cat-abystyle","7":"product_cat-plakaty","8":"product_cat-tokyo-ghoul","10":"first","11":"instock","12":"shipping-taxable","13":"purchasable","14":"product-type-simple"},"_links":{"self":[{"href":"https:\/\/grandline.200.solutions\/index.php?rest_route=\/wp\/v2\/product\/1208","targetHints":{"allow":["GET"]}}],"collection":[{"href":"https:\/\/grandline.200.solutions\/index.php?rest_route=\/wp\/v2\/product"}],"about":[{"href":"https:\/\/grandline.200.solutions\/index.php?rest_route=\/wp\/v2\/types\/product"}],"replies":[{"embeddable":true,"href":"https:\/\/grandline.200.solutions\/index.php?rest_route=%2Fwp%2Fv2%2Fcomments&post=1208"}],"wp:featuredmedia":[{"embeddable":true,"href":"https:\/\/grandline.200.solutions\/index.php?rest_route=\/wp\/v2\/media\/1209"}],"wp:attachment":[{"href":"https:\/\/grandline.200.solutions\/index.php?rest_route=%2Fwp%2Fv2%2Fmedia&parent=1208"}],"wp:term":[{"taxonomy":"product_cat","embeddable":true,"href":"https:\/\/grandline.200.solutions\/index.php?rest_route=%2Fwp%2Fv2%2Fproduct_cat&post=1208"},{"taxonomy":"product_tag","embeddable":true,"href":"https:\/\/grandline.200.solutions\/index.php?rest_route=%2Fwp%2Fv2%2Fproduct_tag&post=1208"}],"curies":[{"name":"wp","href":"https:\/\/api.w.org\/{rel}","templated":true}]}}