{"id":1206,"date":"2024-11-07T00:31:00","date_gmt":"2024-11-06T23:31:00","guid":{"rendered":"https:\/\/grandline.200.solutions\/?post_type=product&#038;p=1206"},"modified":"2024-11-13T12:28:11","modified_gmt":"2024-11-13T11:28:11","slug":"that-day-i-was-reincarnated-as-a-slime-rimuru-lahev","status":"publish","type":"product","link":"https:\/\/grandline.200.solutions\/?product=that-day-i-was-reincarnated-as-a-slime-rimuru-lahev","title":{"rendered":"That Day I Was Reincarnated As a Slime Rimuru L\u00e1hev"},"content":{"rendered":"<p><span style=\"font-weight: 400;\">L\u00e1hev <\/span><b>That Day I Was Reincarnated As a Slime<\/b><b> Rimuru<\/b><span style=\"font-weight: 400;\"> je ofici\u00e1ln\u011b licencovan\u00fd produkt. Tato nerezov\u00e1 l\u00e1hev je vybavena vakuovou izolac\u00ed, kter\u00e1 udr\u017euje n\u00e1poje tepl\u00e9 nebo studen\u00e9 po del\u0161\u00ed dobu. L\u00e1hev je zdobena designem s Rimuru Tempestem, hlavn\u00ed postavou s\u00e9rie, co\u017e j\u00ed dod\u00e1v\u00e1 jedine\u010dn\u00fd vzhled.<\/span><\/p>\n<p><b>Vlastnosti:\u00a0<\/b><\/p>\n<p><span style=\"font-weight: 400;\">Materi\u00e1l &#8211; Nerezov\u00e1 ocel<\/span><\/p>\n<p><span style=\"font-weight: 400;\">Objem &#8211; 500 ml<\/span><\/p>\n<p><span style=\"font-weight: 400;\">Nen\u00ed vhodn\u00e1 do mikrovlnn\u00e9 trouby a my\u010dky n\u00e1dob\u00ed<\/span><\/p>\n","protected":false},"excerpt":{"rendered":"<p><span style=\"font-weight: 400;\">L\u00e1hev <\/span><b>That Day I Was Reincarnated As a Slime<\/b><b> Rimuru<\/b><span style=\"font-weight: 400;\"> je ofici\u00e1ln\u011b licencovan\u00fd produkt. Tato nerezov\u00e1 l\u00e1hev je vybavena vakuovou izolac\u00ed, kter\u00e1 udr\u017euje n\u00e1poje tepl\u00e9 nebo studen\u00e9 po del\u0161\u00ed dobu. L\u00e1hev je zdobena designem s Rimuru Tempestem, hlavn\u00ed postavou s\u00e9rie, co\u017e j\u00ed dod\u00e1v\u00e1 jedine\u010dn\u00fd vzhled.<\/span><\/p>\n","protected":false},"featured_media":1207,"comment_status":"open","ping_status":"closed","template":"","meta":{"inline_featured_image":false},"product_cat":[76,58,86],"product_tag":[],"class_list":{"0":"post-1206","1":"product","2":"type-product","3":"status-publish","4":"has-post-thumbnail","6":"product_cat-abystyle","7":"product_cat-nadobi","8":"product_cat-that-time-i-got-reincarnated-as-a-slime","10":"first","11":"instock","12":"shipping-taxable","13":"purchasable","14":"product-type-simple"},"_links":{"self":[{"href":"https:\/\/grandline.200.solutions\/index.php?rest_route=\/wp\/v2\/product\/1206","targetHints":{"allow":["GET"]}}],"collection":[{"href":"https:\/\/grandline.200.solutions\/index.php?rest_route=\/wp\/v2\/product"}],"about":[{"href":"https:\/\/grandline.200.solutions\/index.php?rest_route=\/wp\/v2\/types\/product"}],"replies":[{"embeddable":true,"href":"https:\/\/grandline.200.solutions\/index.php?rest_route=%2Fwp%2Fv2%2Fcomments&post=1206"}],"wp:featuredmedia":[{"embeddable":true,"href":"https:\/\/grandline.200.solutions\/index.php?rest_route=\/wp\/v2\/media\/1207"}],"wp:attachment":[{"href":"https:\/\/grandline.200.solutions\/index.php?rest_route=%2Fwp%2Fv2%2Fmedia&parent=1206"}],"wp:term":[{"taxonomy":"product_cat","embeddable":true,"href":"https:\/\/grandline.200.solutions\/index.php?rest_route=%2Fwp%2Fv2%2Fproduct_cat&post=1206"},{"taxonomy":"product_tag","embeddable":true,"href":"https:\/\/grandline.200.solutions\/index.php?rest_route=%2Fwp%2Fv2%2Fproduct_tag&post=1206"}],"curies":[{"name":"wp","href":"https:\/\/api.w.org\/{rel}","templated":true}]}}