{"id":1191,"date":"2024-11-07T00:23:15","date_gmt":"2024-11-06T23:23:15","guid":{"rendered":"https:\/\/grandline.200.solutions\/?post_type=product&#038;p=1191"},"modified":"2024-11-13T12:27:13","modified_gmt":"2024-11-13T11:27:13","slug":"spy-x-family-dxf-figure-loid-forger","status":"publish","type":"product","link":"https:\/\/grandline.200.solutions\/?product=spy-x-family-dxf-figure-loid-forger","title":{"rendered":"Spy \u00d7 Family DXF Figure Loid Forger"},"content":{"rendered":"<p><span style=\"font-weight: 400;\">Figurka<\/span><b> Spy \u00d7 Family DXF Figure Loid Forger <\/b><span style=\"font-weight: 400;\">zobrazuje Loida v jeho ikonick\u00e9m \u0161pionsk\u00e9m obleku.\u00a0 Loid je zde zachycen ve sv\u00e9 ikonick\u00e9 p\u00f3ze, jak skr\u00fdv\u00e1 svou pistoli a pl\u00e1nuje dal\u0161\u00ed krok. Tato figurka dokonale vystihuje jeho roli \u0161pi\u00f3na s p\u0159ezd\u00edvkou \u201cTwilight\u201d a je skv\u011bl\u00fdm dopl\u0148kem pro ka\u017ed\u00e9ho fanou\u0161ka s\u00e9rie.<\/span><\/p>\n<p><b>Vlastnosti:\u00a0<\/b><\/p>\n<p><span style=\"font-weight: 400;\">V\u00fd\u0161ka &#8211; 15 cm<\/span><\/p>\n<p><span style=\"font-weight: 400;\">Materi\u00e1l &#8211; PVC<\/span><\/p>\n<p><span style=\"font-weight: 400;\">Detailn\u00ed proveden\u00ed<\/span><\/p>\n<p><span style=\"font-weight: 400;\">Sb\u011bratelsk\u00e1 edice<\/span><\/p>\n","protected":false},"excerpt":{"rendered":"<p><span style=\"font-weight: 400;\">Figurka<\/span><b> Spy \u00d7 Family DXF Figure Loid Forger <\/b><span style=\"font-weight: 400;\">zobrazuje Loida v jeho ikonick\u00e9m \u0161pionsk\u00e9m obleku.\u00a0 Loid je zde zachycen ve sv\u00e9 ikonick\u00e9 p\u00f3ze, jak skr\u00fdv\u00e1 svou pistoli a pl\u00e1nuje dal\u0161\u00ed krok. Tato figurka dokonale vystihuje jeho roli \u0161pi\u00f3na s p\u0159ezd\u00edvkou \u201cTwilight\u201d a je skv\u011bl\u00fdm dopl\u0148kem pro ka\u017ed\u00e9ho fanou\u0161ka s\u00e9rie.<\/span><\/p>\n","protected":false},"featured_media":1195,"comment_status":"open","ping_status":"closed","template":"","meta":{"inline_featured_image":false},"product_cat":[77,60,85],"product_tag":[],"class_list":{"0":"post-1191","1":"product","2":"type-product","3":"status-publish","4":"has-post-thumbnail","6":"product_cat-bandai-spirits","7":"product_cat-figurky","8":"product_cat-spy-x-family","10":"first","11":"instock","12":"shipping-taxable","13":"purchasable","14":"product-type-simple"},"_links":{"self":[{"href":"https:\/\/grandline.200.solutions\/index.php?rest_route=\/wp\/v2\/product\/1191","targetHints":{"allow":["GET"]}}],"collection":[{"href":"https:\/\/grandline.200.solutions\/index.php?rest_route=\/wp\/v2\/product"}],"about":[{"href":"https:\/\/grandline.200.solutions\/index.php?rest_route=\/wp\/v2\/types\/product"}],"replies":[{"embeddable":true,"href":"https:\/\/grandline.200.solutions\/index.php?rest_route=%2Fwp%2Fv2%2Fcomments&post=1191"}],"wp:featuredmedia":[{"embeddable":true,"href":"https:\/\/grandline.200.solutions\/index.php?rest_route=\/wp\/v2\/media\/1195"}],"wp:attachment":[{"href":"https:\/\/grandline.200.solutions\/index.php?rest_route=%2Fwp%2Fv2%2Fmedia&parent=1191"}],"wp:term":[{"taxonomy":"product_cat","embeddable":true,"href":"https:\/\/grandline.200.solutions\/index.php?rest_route=%2Fwp%2Fv2%2Fproduct_cat&post=1191"},{"taxonomy":"product_tag","embeddable":true,"href":"https:\/\/grandline.200.solutions\/index.php?rest_route=%2Fwp%2Fv2%2Fproduct_tag&post=1191"}],"curies":[{"name":"wp","href":"https:\/\/api.w.org\/{rel}","templated":true}]}}