{"id":1185,"date":"2024-11-07T00:21:04","date_gmt":"2024-11-06T23:21:04","guid":{"rendered":"https:\/\/grandline.200.solutions\/?post_type=product&#038;p=1185"},"modified":"2024-11-13T12:27:03","modified_gmt":"2024-11-13T11:27:03","slug":"spy-x-family-dxf-figure-yor-forger","status":"publish","type":"product","link":"https:\/\/grandline.200.solutions\/?product=spy-x-family-dxf-figure-yor-forger","title":{"rendered":"Spy \u00d7 Family DXF Figure Yor Forger"},"content":{"rendered":"<p><span style=\"font-weight: 400;\">Figurka <\/span><b>Spy \u00d7 Family DXF Figure Yor Forger<\/b><span style=\"font-weight: 400;\"> zobrazuje Yor Forger v jej\u00edm ikonick\u00e9m \u201cThorn Princess\u201d oble\u010den\u00ed. Yor je zde zachycena v dynamick\u00e9 p\u00f3ze, p\u0159ipraven\u00e1 k akci s jej\u00edmi charakteristick\u00fdmi zbran\u011bmi. Tato figurka je detailn\u011b propracovan\u00e1 a v\u011brn\u011b zachycuje jej\u00ed vzhled z anime. Tento sb\u011bratelsk\u00fd kousek by nem\u011bl chyb\u011bt ve sb\u00edrce \u017e\u00e1dn\u00e9ho fanou\u0161ka s\u00e9rie.<\/span><\/p>\n<p><b>Vlastnosti:\u00a0<\/b><\/p>\n<p><span style=\"font-weight: 400;\">V\u00fd\u0161ka &#8211; 15 cm<\/span><\/p>\n<p><span style=\"font-weight: 400;\">Materi\u00e1l &#8211; PVC<\/span><\/p>\n<p><span style=\"font-weight: 400;\">Detailn\u00ed proveden\u00ed<\/span><\/p>\n<p><span style=\"font-weight: 400;\">Sb\u011bratelsk\u00e1 edice<\/span><\/p>\n","protected":false},"excerpt":{"rendered":"<p><span style=\"font-weight: 400;\">Figurka <\/span><b>Spy \u00d7 Family DXF Figure Yor Forger<\/b><span style=\"font-weight: 400;\"> zobrazuje Yor Forger v jej\u00edm ikonick\u00e9m \u201cThorn Princess\u201d oble\u010den\u00ed. Yor je zde zachycena v dynamick\u00e9 p\u00f3ze, p\u0159ipraven\u00e1 k akci s jej\u00edmi charakteristick\u00fdmi zbran\u011bmi. Tato figurka je detailn\u011b propracovan\u00e1 a v\u011brn\u011b zachycuje jej\u00ed vzhled z anime. Tento sb\u011bratelsk\u00fd kousek by nem\u011bl chyb\u011bt ve sb\u00edrce \u017e\u00e1dn\u00e9ho fanou\u0161ka s\u00e9rie.<\/span><\/p>\n","protected":false},"featured_media":1190,"comment_status":"open","ping_status":"closed","template":"","meta":{"inline_featured_image":false},"product_cat":[77,60,85],"product_tag":[],"class_list":{"0":"post-1185","1":"product","2":"type-product","3":"status-publish","4":"has-post-thumbnail","6":"product_cat-bandai-spirits","7":"product_cat-figurky","8":"product_cat-spy-x-family","10":"first","11":"instock","12":"shipping-taxable","13":"purchasable","14":"product-type-simple"},"_links":{"self":[{"href":"https:\/\/grandline.200.solutions\/index.php?rest_route=\/wp\/v2\/product\/1185","targetHints":{"allow":["GET"]}}],"collection":[{"href":"https:\/\/grandline.200.solutions\/index.php?rest_route=\/wp\/v2\/product"}],"about":[{"href":"https:\/\/grandline.200.solutions\/index.php?rest_route=\/wp\/v2\/types\/product"}],"replies":[{"embeddable":true,"href":"https:\/\/grandline.200.solutions\/index.php?rest_route=%2Fwp%2Fv2%2Fcomments&post=1185"}],"wp:featuredmedia":[{"embeddable":true,"href":"https:\/\/grandline.200.solutions\/index.php?rest_route=\/wp\/v2\/media\/1190"}],"wp:attachment":[{"href":"https:\/\/grandline.200.solutions\/index.php?rest_route=%2Fwp%2Fv2%2Fmedia&parent=1185"}],"wp:term":[{"taxonomy":"product_cat","embeddable":true,"href":"https:\/\/grandline.200.solutions\/index.php?rest_route=%2Fwp%2Fv2%2Fproduct_cat&post=1185"},{"taxonomy":"product_tag","embeddable":true,"href":"https:\/\/grandline.200.solutions\/index.php?rest_route=%2Fwp%2Fv2%2Fproduct_tag&post=1185"}],"curies":[{"name":"wp","href":"https:\/\/api.w.org\/{rel}","templated":true}]}}