{"id":1176,"date":"2024-11-07T00:18:35","date_gmt":"2024-11-06T23:18:35","guid":{"rendered":"https:\/\/grandline.200.solutions\/?post_type=product&#038;p=1176"},"modified":"2024-11-13T12:26:50","modified_gmt":"2024-11-13T11:26:50","slug":"spy-x-family-luminasta-pajama-anya-forger","status":"publish","type":"product","link":"https:\/\/grandline.200.solutions\/?product=spy-x-family-luminasta-pajama-anya-forger","title":{"rendered":"Spy \u00d7 Family Luminasta Pajama Anya Forger"},"content":{"rendered":"<p><span style=\"font-weight: 400;\">Figurka <\/span><b>Spy \u00d7 Family Luminasta Pajama Anya Forger <\/b><span style=\"font-weight: 400;\">zobrazuje Anyu<\/span><span style=\"font-weight: 400;\"> v jej\u00edm roztomil\u00e9m py\u017eamu, vedle sv\u00e9ho obl\u00edben\u00e9ho ply\u0161ov\u00e9ho tu\u010d\u0148\u00e1ka<\/span><span style=\"font-weight: 400;\">. Tento sb\u011bratelsk\u00fd kousek je skv\u011bl\u00fdm dopl\u0148kem pro ka\u017ed\u00e9ho fanou\u0161ka Spy \u00d7 Family.<\/span><\/p>\n<p><b>Vlastnosti:\u00a0<\/b><\/p>\n<p><span style=\"font-weight: 400;\">V\u00fd\u0161ka &#8211; 7 cm<\/span><\/p>\n<p><span style=\"font-weight: 400;\">Materi\u00e1l &#8211; PVC<\/span><\/p>\n<p><span style=\"font-weight: 400;\">Detailn\u00ed proveden\u00ed<\/span><\/p>\n<p><span style=\"font-weight: 400;\">Sb\u011bratelsk\u00e1 edice<\/span><\/p>\n","protected":false},"excerpt":{"rendered":"<p><span style=\"font-weight: 400;\">Figurka <\/span><b>Spy \u00d7 Family Luminasta Pajama Anya Forger <\/b><span style=\"font-weight: 400;\">zobrazuje Anyu<\/span><span style=\"font-weight: 400;\"> v jej\u00edm roztomil\u00e9m py\u017eamu, vedle sv\u00e9ho obl\u00edben\u00e9ho ply\u0161ov\u00e9ho tu\u010d\u0148\u00e1ka<\/span><span style=\"font-weight: 400;\">. Tento sb\u011bratelsk\u00fd kousek je skv\u011bl\u00fdm dopl\u0148kem pro ka\u017ed\u00e9ho fanou\u0161ka Spy \u00d7 Family.<\/span><\/p>\n","protected":false},"featured_media":1184,"comment_status":"open","ping_status":"closed","template":"","meta":{"inline_featured_image":false},"product_cat":[60,94,85],"product_tag":[],"class_list":{"0":"post-1176","1":"product","2":"type-product","3":"status-publish","4":"has-post-thumbnail","6":"product_cat-figurky","7":"product_cat-sega","8":"product_cat-spy-x-family","10":"first","11":"instock","12":"shipping-taxable","13":"purchasable","14":"product-type-simple"},"_links":{"self":[{"href":"https:\/\/grandline.200.solutions\/index.php?rest_route=\/wp\/v2\/product\/1176","targetHints":{"allow":["GET"]}}],"collection":[{"href":"https:\/\/grandline.200.solutions\/index.php?rest_route=\/wp\/v2\/product"}],"about":[{"href":"https:\/\/grandline.200.solutions\/index.php?rest_route=\/wp\/v2\/types\/product"}],"replies":[{"embeddable":true,"href":"https:\/\/grandline.200.solutions\/index.php?rest_route=%2Fwp%2Fv2%2Fcomments&post=1176"}],"wp:featuredmedia":[{"embeddable":true,"href":"https:\/\/grandline.200.solutions\/index.php?rest_route=\/wp\/v2\/media\/1184"}],"wp:attachment":[{"href":"https:\/\/grandline.200.solutions\/index.php?rest_route=%2Fwp%2Fv2%2Fmedia&parent=1176"}],"wp:term":[{"taxonomy":"product_cat","embeddable":true,"href":"https:\/\/grandline.200.solutions\/index.php?rest_route=%2Fwp%2Fv2%2Fproduct_cat&post=1176"},{"taxonomy":"product_tag","embeddable":true,"href":"https:\/\/grandline.200.solutions\/index.php?rest_route=%2Fwp%2Fv2%2Fproduct_tag&post=1176"}],"curies":[{"name":"wp","href":"https:\/\/api.w.org\/{rel}","templated":true}]}}