{"id":1166,"date":"2024-11-07T00:15:40","date_gmt":"2024-11-06T23:15:40","guid":{"rendered":"https:\/\/grandline.200.solutions\/?post_type=product&#038;p=1166"},"modified":"2024-11-13T12:26:40","modified_gmt":"2024-11-13T11:26:40","slug":"spy-x-family-luminasta-odekeke-anya-forger","status":"publish","type":"product","link":"https:\/\/grandline.200.solutions\/?product=spy-x-family-luminasta-odekeke-anya-forger","title":{"rendered":"Spy \u00d7 Family Luminasta Odekeke Anya Forger"},"content":{"rendered":"<p><span style=\"font-weight: 400;\">Figurka <\/span><b>Spy \u00d7 Family Luminasta Odekeke Anya Forger<\/b><span style=\"font-weight: 400;\"> zachycuje Anyu v jej\u00edm roztomil\u00e9m \u201codekeke\u201d (v\u00fdletn\u00edm) oble\u010den\u00ed, kter\u00fd ji p\u0159edstavuje v jej\u00ed typick\u00e9 hrav\u00e9 podob\u011b. Je to skv\u011bl\u00fd sb\u011bratelsk\u00fd kousek pro fanou\u0161ky s\u00e9rie.<\/span><\/p>\n<p><b>Vlastnosti:\u00a0<\/b><\/p>\n<p><span style=\"font-weight: 400;\">V\u00fd\u0161ka &#8211; 12 cm<\/span><\/p>\n<p><span style=\"font-weight: 400;\">Materi\u00e1l &#8211; PVC<\/span><\/p>\n<p><span style=\"font-weight: 400;\">Detailn\u00ed proveden\u00ed<\/span><\/p>\n<p><span style=\"font-weight: 400;\">Sb\u011bratelsk\u00e1 edice<\/span><\/p>\n","protected":false},"excerpt":{"rendered":"<p><span style=\"font-weight: 400;\">Figurka <\/span><b>Spy \u00d7 Family Luminasta Odekeke Anya Forger<\/b><span style=\"font-weight: 400;\"> zachycuje Anyu v jej\u00edm roztomil\u00e9m \u201codekeke\u201d (v\u00fdletn\u00edm) oble\u010den\u00ed, kter\u00fd ji p\u0159edstavuje v jej\u00ed typick\u00e9 hrav\u00e9 podob\u011b. Je to skv\u011bl\u00fd sb\u011bratelsk\u00fd kousek pro fanou\u0161ky s\u00e9rie.<\/span><\/p>\n","protected":false},"featured_media":1175,"comment_status":"open","ping_status":"closed","template":"","meta":{"inline_featured_image":false},"product_cat":[60,94,85],"product_tag":[],"class_list":{"0":"post-1166","1":"product","2":"type-product","3":"status-publish","4":"has-post-thumbnail","6":"product_cat-figurky","7":"product_cat-sega","8":"product_cat-spy-x-family","10":"first","11":"instock","12":"shipping-taxable","13":"purchasable","14":"product-type-simple"},"_links":{"self":[{"href":"https:\/\/grandline.200.solutions\/index.php?rest_route=\/wp\/v2\/product\/1166","targetHints":{"allow":["GET"]}}],"collection":[{"href":"https:\/\/grandline.200.solutions\/index.php?rest_route=\/wp\/v2\/product"}],"about":[{"href":"https:\/\/grandline.200.solutions\/index.php?rest_route=\/wp\/v2\/types\/product"}],"replies":[{"embeddable":true,"href":"https:\/\/grandline.200.solutions\/index.php?rest_route=%2Fwp%2Fv2%2Fcomments&post=1166"}],"wp:featuredmedia":[{"embeddable":true,"href":"https:\/\/grandline.200.solutions\/index.php?rest_route=\/wp\/v2\/media\/1175"}],"wp:attachment":[{"href":"https:\/\/grandline.200.solutions\/index.php?rest_route=%2Fwp%2Fv2%2Fmedia&parent=1166"}],"wp:term":[{"taxonomy":"product_cat","embeddable":true,"href":"https:\/\/grandline.200.solutions\/index.php?rest_route=%2Fwp%2Fv2%2Fproduct_cat&post=1166"},{"taxonomy":"product_tag","embeddable":true,"href":"https:\/\/grandline.200.solutions\/index.php?rest_route=%2Fwp%2Fv2%2Fproduct_tag&post=1166"}],"curies":[{"name":"wp","href":"https:\/\/api.w.org\/{rel}","templated":true}]}}