{"id":1161,"date":"2024-11-07T00:11:45","date_gmt":"2024-11-06T23:11:45","guid":{"rendered":"https:\/\/grandline.200.solutions\/?post_type=product&#038;p=1161"},"modified":"2024-11-13T12:26:32","modified_gmt":"2024-11-13T11:26:32","slug":"spy-x-family-vibration-stars-yor-forger","status":"publish","type":"product","link":"https:\/\/grandline.200.solutions\/?product=spy-x-family-vibration-stars-yor-forger","title":{"rendered":"Spy \u00d7 Family Vibration Stars Yor Forger"},"content":{"rendered":"<p><span style=\"font-weight: 400;\">Figurka <\/span><b>Spy \u00d7 Family Vibration Stars Yor Forger <\/b><span style=\"font-weight: 400;\">je detailn\u011b zpracovan\u00e1 a zachycuje Yor v dynamick\u00e9 bojov\u00e9 p\u00f3ze. M\u00e1 na sob\u011b svoje ikonick\u00e9 \u010dern\u00e9 \u0161aty, kter\u00e9 podtrhuj\u00ed jej\u00ed roli &#8222;Thorn Princess&#8220;. Tato figurka je skv\u011bl\u00fdm dopl\u0148kem pro ka\u017ed\u00e9ho fanou\u0161ka s\u00e9rie, kter\u00fd ocen\u00ed jej\u00ed precizn\u00ed proveden\u00ed.<\/span><\/p>\n<p><b>Vlastnosti:\u00a0<\/b><\/p>\n<p><span style=\"font-weight: 400;\">V\u00fd\u0161ka &#8211; 15 cm<\/span><\/p>\n<p><span style=\"font-weight: 400;\">Materi\u00e1l &#8211; PVC<\/span><\/p>\n<p><span style=\"font-weight: 400;\">Detailn\u00ed proveden\u00ed<\/span><\/p>\n<p><span style=\"font-weight: 400;\">Sb\u011bratelsk\u00e1 edice<\/span><\/p>\n","protected":false},"excerpt":{"rendered":"<p><span style=\"font-weight: 400;\">Figurka <\/span><b>Spy \u00d7 Family Vibration Stars Yor Forger <\/b><span style=\"font-weight: 400;\">je detailn\u011b zpracovan\u00e1 a zachycuje Yor v dynamick\u00e9 bojov\u00e9 p\u00f3ze. M\u00e1 na sob\u011b svoje ikonick\u00e9 \u010dern\u00e9 \u0161aty, kter\u00e9 podtrhuj\u00ed jej\u00ed roli &#8222;Thorn Princess&#8220;. Tato figurka je skv\u011bl\u00fdm dopl\u0148kem pro ka\u017ed\u00e9ho fanou\u0161ka s\u00e9rie, kter\u00fd ocen\u00ed jej\u00ed precizn\u00ed proveden\u00ed.<\/span><\/p>\n","protected":false},"featured_media":1165,"comment_status":"open","ping_status":"closed","template":"","meta":{"inline_featured_image":false},"product_cat":[77,60,85],"product_tag":[],"class_list":{"0":"post-1161","1":"product","2":"type-product","3":"status-publish","4":"has-post-thumbnail","6":"product_cat-bandai-spirits","7":"product_cat-figurky","8":"product_cat-spy-x-family","10":"first","11":"instock","12":"shipping-taxable","13":"purchasable","14":"product-type-simple"},"_links":{"self":[{"href":"https:\/\/grandline.200.solutions\/index.php?rest_route=\/wp\/v2\/product\/1161","targetHints":{"allow":["GET"]}}],"collection":[{"href":"https:\/\/grandline.200.solutions\/index.php?rest_route=\/wp\/v2\/product"}],"about":[{"href":"https:\/\/grandline.200.solutions\/index.php?rest_route=\/wp\/v2\/types\/product"}],"replies":[{"embeddable":true,"href":"https:\/\/grandline.200.solutions\/index.php?rest_route=%2Fwp%2Fv2%2Fcomments&post=1161"}],"wp:featuredmedia":[{"embeddable":true,"href":"https:\/\/grandline.200.solutions\/index.php?rest_route=\/wp\/v2\/media\/1165"}],"wp:attachment":[{"href":"https:\/\/grandline.200.solutions\/index.php?rest_route=%2Fwp%2Fv2%2Fmedia&parent=1161"}],"wp:term":[{"taxonomy":"product_cat","embeddable":true,"href":"https:\/\/grandline.200.solutions\/index.php?rest_route=%2Fwp%2Fv2%2Fproduct_cat&post=1161"},{"taxonomy":"product_tag","embeddable":true,"href":"https:\/\/grandline.200.solutions\/index.php?rest_route=%2Fwp%2Fv2%2Fproduct_tag&post=1161"}],"curies":[{"name":"wp","href":"https:\/\/api.w.org\/{rel}","templated":true}]}}