{"id":1153,"date":"2024-11-07T00:08:58","date_gmt":"2024-11-06T23:08:58","guid":{"rendered":"https:\/\/grandline.200.solutions\/?post_type=product&#038;p=1153"},"modified":"2024-11-13T12:26:24","modified_gmt":"2024-11-13T11:26:24","slug":"spy-x-family-premium-chokonose-figure-fiona-frost","status":"publish","type":"product","link":"https:\/\/grandline.200.solutions\/?product=spy-x-family-premium-chokonose-figure-fiona-frost","title":{"rendered":"Spy \u00d7 Family Premium Chokonose Figure Fiona Frost"},"content":{"rendered":"<p><span style=\"font-weight: 400;\">Figurka <\/span><b>Spy \u00d7 Family Premium Chokonose Figure Fiona Frost<\/b><span style=\"font-weight: 400;\"> je detailn\u011b zpracovan\u00e1 a zachycuje Fionu v sed\u00edc\u00ed pozici s jej\u00edm typick\u00fdm chladn\u00fdm v\u00fdrazem. M\u00e1 na sob\u011b modr\u00fd kab\u00e1t, kter\u00fd podtrhuje jej\u00ed elegantn\u00ed a profesion\u00e1ln\u00ed vzhled. Tato figurka je skv\u011bl\u00fdm dopl\u0148kem pro ka\u017ed\u00e9ho fanou\u0161ka s\u00e9rie, kter\u00fd ocen\u00ed jej\u00ed precizn\u00ed proveden\u00ed a v\u011brnost origin\u00e1ln\u00ed postav\u011b.<\/span><\/p>\n<p><b>Vlastnosti:\u00a0<\/b><\/p>\n<p><span style=\"font-weight: 400;\">V\u00fd\u0161ka &#8211; 14 cm<\/span><\/p>\n<p><span style=\"font-weight: 400;\">Materi\u00e1l &#8211; PVC<\/span><\/p>\n<p><span style=\"font-weight: 400;\">Detailn\u00ed proveden\u00ed<\/span><\/p>\n<p><span style=\"font-weight: 400;\">Sb\u011bratelsk\u00e1 edice<\/span><\/p>\n","protected":false},"excerpt":{"rendered":"<p><span style=\"font-weight: 400;\">Figurka <\/span><b>Spy \u00d7 Family Premium Chokonose Figure Fiona Frost<\/b><span style=\"font-weight: 400;\"> je detailn\u011b zpracovan\u00e1 a zachycuje Fionu v sed\u00edc\u00ed pozici s jej\u00edm typick\u00fdm chladn\u00fdm v\u00fdrazem. M\u00e1 na sob\u011b modr\u00fd kab\u00e1t, kter\u00fd podtrhuje jej\u00ed elegantn\u00ed a profesion\u00e1ln\u00ed vzhled. Tato figurka je skv\u011bl\u00fdm dopl\u0148kem pro ka\u017ed\u00e9ho fanou\u0161ka s\u00e9rie, kter\u00fd ocen\u00ed jej\u00ed precizn\u00ed proveden\u00ed a v\u011brnost origin\u00e1ln\u00ed postav\u011b.<\/span><\/p>\n","protected":false},"featured_media":1160,"comment_status":"open","ping_status":"closed","template":"","meta":{"inline_featured_image":false},"product_cat":[60,94,85],"product_tag":[],"class_list":{"0":"post-1153","1":"product","2":"type-product","3":"status-publish","4":"has-post-thumbnail","6":"product_cat-figurky","7":"product_cat-sega","8":"product_cat-spy-x-family","10":"first","11":"instock","12":"shipping-taxable","13":"purchasable","14":"product-type-simple"},"_links":{"self":[{"href":"https:\/\/grandline.200.solutions\/index.php?rest_route=\/wp\/v2\/product\/1153","targetHints":{"allow":["GET"]}}],"collection":[{"href":"https:\/\/grandline.200.solutions\/index.php?rest_route=\/wp\/v2\/product"}],"about":[{"href":"https:\/\/grandline.200.solutions\/index.php?rest_route=\/wp\/v2\/types\/product"}],"replies":[{"embeddable":true,"href":"https:\/\/grandline.200.solutions\/index.php?rest_route=%2Fwp%2Fv2%2Fcomments&post=1153"}],"wp:featuredmedia":[{"embeddable":true,"href":"https:\/\/grandline.200.solutions\/index.php?rest_route=\/wp\/v2\/media\/1160"}],"wp:attachment":[{"href":"https:\/\/grandline.200.solutions\/index.php?rest_route=%2Fwp%2Fv2%2Fmedia&parent=1153"}],"wp:term":[{"taxonomy":"product_cat","embeddable":true,"href":"https:\/\/grandline.200.solutions\/index.php?rest_route=%2Fwp%2Fv2%2Fproduct_cat&post=1153"},{"taxonomy":"product_tag","embeddable":true,"href":"https:\/\/grandline.200.solutions\/index.php?rest_route=%2Fwp%2Fv2%2Fproduct_tag&post=1153"}],"curies":[{"name":"wp","href":"https:\/\/api.w.org\/{rel}","templated":true}]}}