{"id":1150,"date":"2024-11-07T00:05:36","date_gmt":"2024-11-06T23:05:36","guid":{"rendered":"https:\/\/grandline.200.solutions\/?post_type=product&#038;p=1150"},"modified":"2024-11-13T12:26:05","modified_gmt":"2024-11-13T11:26:05","slug":"spy-x-family-kazoku-shashin-figure-yor-forger","status":"publish","type":"product","link":"https:\/\/grandline.200.solutions\/?product=spy-x-family-kazoku-shashin-figure-yor-forger","title":{"rendered":"Spy \u00d7 Family Kazoku Shashin Figure Yor Forger"},"content":{"rendered":"<p><span style=\"font-weight: 400;\">Figurka <\/span><b>Spy \u00d7 Family Kazoku Shashin Figure Yor Forger<\/b><span style=\"font-weight: 400;\"> zobrazuje Yor Forger v rodinn\u00e9m t\u00e9matu \u201cKazoku Shashin\u201d (rodinn\u00e1 fotografie). Tato figurka zd\u016fraz\u0148uje jej\u00ed charismatickou osobnost. Je detailn\u011b propracovan\u00e1 a v\u011brn\u011b zachycuje jej\u00ed vzhled z anime, co\u017e z n\u00ed \u010din\u00ed nejen postavu, ale i um\u011bleck\u00e9 d\u00edlo, kter\u00e9 vypr\u00e1v\u00ed p\u0159\u00edb\u011bh. Tento sb\u011bratelsk\u00fd kousek by nem\u011bl chyb\u011bt ve sb\u00edrce \u017e\u00e1dn\u00e9ho fanou\u0161ka Spy \u00d7 Family.<\/span><\/p>\n<p><b>Vlastnosti:\u00a0<\/b><\/p>\n<p><span style=\"font-weight: 400;\">V\u00fd\u0161ka &#8211; 12 cm<\/span><\/p>\n<p><span style=\"font-weight: 400;\">Materi\u00e1l &#8211; PVC<\/span><\/p>\n<p><span style=\"font-weight: 400;\">Detailn\u00ed proveden\u00ed<\/span><\/p>\n<p><span style=\"font-weight: 400;\">Sb\u011bratelsk\u00e1 edice<\/span><\/p>\n","protected":false},"excerpt":{"rendered":"<p><span style=\"font-weight: 400;\">Figurka <\/span><b>Spy \u00d7 Family Kazoku Shashin Figure Yor Forger<\/b><span style=\"font-weight: 400;\"> zobrazuje Yor Forger v rodinn\u00e9m t\u00e9matu \u201cKazoku Shashin\u201d (rodinn\u00e1 fotografie). Tato figurka zd\u016fraz\u0148uje jej\u00ed charismatickou osobnost. Je detailn\u011b propracovan\u00e1 a v\u011brn\u011b zachycuje jej\u00ed vzhled z anime, co\u017e z n\u00ed \u010din\u00ed nejen postavu, ale i um\u011bleck\u00e9 d\u00edlo, kter\u00e9 vypr\u00e1v\u00ed p\u0159\u00edb\u011bh. Tento sb\u011bratelsk\u00fd kousek by nem\u011bl chyb\u011bt ve sb\u00edrce \u017e\u00e1dn\u00e9ho fanou\u0161ka Spy \u00d7 Family.<\/span><\/p>\n","protected":false},"featured_media":1152,"comment_status":"open","ping_status":"closed","template":"","meta":{"inline_featured_image":false},"product_cat":[77,60,85],"product_tag":[],"class_list":{"0":"post-1150","1":"product","2":"type-product","3":"status-publish","4":"has-post-thumbnail","6":"product_cat-bandai-spirits","7":"product_cat-figurky","8":"product_cat-spy-x-family","10":"first","11":"instock","12":"shipping-taxable","13":"purchasable","14":"product-type-simple"},"_links":{"self":[{"href":"https:\/\/grandline.200.solutions\/index.php?rest_route=\/wp\/v2\/product\/1150","targetHints":{"allow":["GET"]}}],"collection":[{"href":"https:\/\/grandline.200.solutions\/index.php?rest_route=\/wp\/v2\/product"}],"about":[{"href":"https:\/\/grandline.200.solutions\/index.php?rest_route=\/wp\/v2\/types\/product"}],"replies":[{"embeddable":true,"href":"https:\/\/grandline.200.solutions\/index.php?rest_route=%2Fwp%2Fv2%2Fcomments&post=1150"}],"wp:featuredmedia":[{"embeddable":true,"href":"https:\/\/grandline.200.solutions\/index.php?rest_route=\/wp\/v2\/media\/1152"}],"wp:attachment":[{"href":"https:\/\/grandline.200.solutions\/index.php?rest_route=%2Fwp%2Fv2%2Fmedia&parent=1150"}],"wp:term":[{"taxonomy":"product_cat","embeddable":true,"href":"https:\/\/grandline.200.solutions\/index.php?rest_route=%2Fwp%2Fv2%2Fproduct_cat&post=1150"},{"taxonomy":"product_tag","embeddable":true,"href":"https:\/\/grandline.200.solutions\/index.php?rest_route=%2Fwp%2Fv2%2Fproduct_tag&post=1150"}],"curies":[{"name":"wp","href":"https:\/\/api.w.org\/{rel}","templated":true}]}}