{"id":1084,"date":"2024-11-06T23:27:58","date_gmt":"2024-11-06T22:27:58","guid":{"rendered":"https:\/\/grandline.200.solutions\/?post_type=product&#038;p=1084"},"modified":"2024-11-13T12:14:54","modified_gmt":"2024-11-13T11:14:54","slug":"sword-art-online-espresto-jewelry-materials-swimsuit-asuna","status":"publish","type":"product","link":"https:\/\/grandline.200.solutions\/?product=sword-art-online-espresto-jewelry-materials-swimsuit-asuna","title":{"rendered":"Sword Art Online Espresto Jewelry materials Swimsuit Asuna"},"content":{"rendered":"<p><span style=\"font-weight: 400;\">Figurka <\/span><b>Sword Art Online Espresto Jewelry materials Swimsuit Asuna<\/b> <span style=\"font-weight: 400;\">zobrazuje Asunu v elegantn\u00edch plavk\u00e1ch, kter\u00e1 zd\u016fraz\u0148uje jej\u00ed p\u016fvab a kr\u00e1su. Detaily na figurce jsou velmi propracovan\u00e9, od v\u00fdraz\u016f na tv\u00e1\u0159i a\u017e po jemn\u00e9 detaily na jej\u00edm oble\u010den\u00ed a dopl\u0148c\u00edch. Tento sb\u011bratelsk\u00fd kousek by nem\u011bl chyb\u011bt ve sb\u00edrce \u017e\u00e1dn\u00e9ho fanou\u0161ka t\u00e9to anime s\u00e9rie.<\/span><\/p>\n<p><b>Vlastnosti:\u00a0<\/b><\/p>\n<p><span style=\"font-weight: 400;\">V\u00fd\u0161ka &#8211; 25 cm<\/span><\/p>\n<p><span style=\"font-weight: 400;\">Materi\u00e1l &#8211; PVC<\/span><\/p>\n<p><span style=\"font-weight: 400;\">Detailn\u00ed proveden\u00ed<\/span><\/p>\n<p><span style=\"font-weight: 400;\">Sb\u011bratelsk\u00e1 edice<\/span><\/p>\n","protected":false},"excerpt":{"rendered":"<p><span style=\"font-weight: 400;\">Figurka <\/span><b>Sword Art Online Espresto Jewelry materials Swimsuit Asuna<\/b> <span style=\"font-weight: 400;\">zobrazuje Asunu v elegantn\u00edch plavk\u00e1ch, kter\u00e1 zd\u016fraz\u0148uje jej\u00ed p\u016fvab a kr\u00e1su. Detaily na figurce jsou velmi propracovan\u00e9, od v\u00fdraz\u016f na tv\u00e1\u0159i a\u017e po jemn\u00e9 detaily na jej\u00edm oble\u010den\u00ed a dopl\u0148c\u00edch. Tento sb\u011bratelsk\u00fd kousek by nem\u011bl chyb\u011bt ve sb\u00edrce \u017e\u00e1dn\u00e9ho fanou\u0161ka t\u00e9to anime s\u00e9rie.<\/span><\/p>\n","protected":false},"featured_media":1086,"comment_status":"open","ping_status":"closed","template":"","meta":{"inline_featured_image":false},"product_cat":[77,60,83],"product_tag":[],"class_list":{"0":"post-1084","1":"product","2":"type-product","3":"status-publish","4":"has-post-thumbnail","6":"product_cat-bandai-spirits","7":"product_cat-figurky","8":"product_cat-sword-art-online","10":"first","11":"instock","12":"shipping-taxable","13":"purchasable","14":"product-type-simple"},"_links":{"self":[{"href":"https:\/\/grandline.200.solutions\/index.php?rest_route=\/wp\/v2\/product\/1084","targetHints":{"allow":["GET"]}}],"collection":[{"href":"https:\/\/grandline.200.solutions\/index.php?rest_route=\/wp\/v2\/product"}],"about":[{"href":"https:\/\/grandline.200.solutions\/index.php?rest_route=\/wp\/v2\/types\/product"}],"replies":[{"embeddable":true,"href":"https:\/\/grandline.200.solutions\/index.php?rest_route=%2Fwp%2Fv2%2Fcomments&post=1084"}],"wp:featuredmedia":[{"embeddable":true,"href":"https:\/\/grandline.200.solutions\/index.php?rest_route=\/wp\/v2\/media\/1086"}],"wp:attachment":[{"href":"https:\/\/grandline.200.solutions\/index.php?rest_route=%2Fwp%2Fv2%2Fmedia&parent=1084"}],"wp:term":[{"taxonomy":"product_cat","embeddable":true,"href":"https:\/\/grandline.200.solutions\/index.php?rest_route=%2Fwp%2Fv2%2Fproduct_cat&post=1084"},{"taxonomy":"product_tag","embeddable":true,"href":"https:\/\/grandline.200.solutions\/index.php?rest_route=%2Fwp%2Fv2%2Fproduct_tag&post=1084"}],"curies":[{"name":"wp","href":"https:\/\/api.w.org\/{rel}","templated":true}]}}