{"id":1064,"date":"2024-11-06T23:19:19","date_gmt":"2024-11-06T22:19:19","guid":{"rendered":"https:\/\/grandline.200.solutions\/?post_type=product&#038;p=1064"},"modified":"2024-11-13T12:13:41","modified_gmt":"2024-11-13T11:13:41","slug":"sword-art-online-ii-noodle-stopper-figure-yuuki","status":"publish","type":"product","link":"https:\/\/grandline.200.solutions\/?product=sword-art-online-ii-noodle-stopper-figure-yuuki","title":{"rendered":"Sword Art Online II Noodle Stopper Figure Yuuki"},"content":{"rendered":"<p><span style=\"font-weight: 400;\">Figurka <\/span><b>Sword Art Online II Noodle Stopper Figure Yuuki <\/b><span style=\"font-weight: 400;\">zobrazuje Yuuki v sed\u00edc\u00ed pozici, <\/span><span style=\"font-weight: 400;\">co\u017e je typick\u00e9 pro \u201cnoodle stopper\u201d figurky, kter\u00e9 jsou navr\u017eeny tak, aby sed\u011bly na okraji misky s nudlemi, pop\u0159. na va\u0161\u00ed poli\u010dce. Je to skv\u011bl\u00fd dopln\u011bk do sb\u00edrky pro fanou\u0161ky Sword Art Online.<\/span><\/p>\n<p><b>Vlastnosti:\u00a0<\/b><\/p>\n<p><span style=\"font-weight: 400;\">V\u00fd\u0161ka &#8211; 13 cm<\/span><\/p>\n<p><span style=\"font-weight: 400;\">Materi\u00e1l &#8211; PVC<\/span><\/p>\n<p><span style=\"font-weight: 400;\">Detailn\u00ed proveden\u00ed<\/span><\/p>\n<p><span style=\"font-weight: 400;\">Sb\u011bratelsk\u00e1 edice<\/span><\/p>\n","protected":false},"excerpt":{"rendered":"<p><span style=\"font-weight: 400;\">Figurka <\/span><b>Sword Art Online II Noodle Stopper Figure Yuuki <\/b><span style=\"font-weight: 400;\">zobrazuje Yuuki v sed\u00edc\u00ed pozici, <\/span><span style=\"font-weight: 400;\">co\u017e je typick\u00e9 pro \u201cnoodle stopper\u201d figurky, kter\u00e9 jsou navr\u017eeny tak, aby sed\u011bly na okraji misky s nudlemi, pop\u0159. na va\u0161\u00ed poli\u010dce. Je to skv\u011bl\u00fd dopln\u011bk do sb\u00edrky pro fanou\u0161ky Sword Art Online.<\/span><\/p>\n","protected":false},"featured_media":1068,"comment_status":"open","ping_status":"closed","template":"","meta":{"inline_featured_image":false},"product_cat":[60,93,83],"product_tag":[],"class_list":{"0":"post-1064","1":"product","2":"type-product","3":"status-publish","4":"has-post-thumbnail","6":"product_cat-figurky","7":"product_cat-furyu","8":"product_cat-sword-art-online","10":"first","11":"instock","12":"shipping-taxable","13":"purchasable","14":"product-type-simple"},"_links":{"self":[{"href":"https:\/\/grandline.200.solutions\/index.php?rest_route=\/wp\/v2\/product\/1064","targetHints":{"allow":["GET"]}}],"collection":[{"href":"https:\/\/grandline.200.solutions\/index.php?rest_route=\/wp\/v2\/product"}],"about":[{"href":"https:\/\/grandline.200.solutions\/index.php?rest_route=\/wp\/v2\/types\/product"}],"replies":[{"embeddable":true,"href":"https:\/\/grandline.200.solutions\/index.php?rest_route=%2Fwp%2Fv2%2Fcomments&post=1064"}],"wp:featuredmedia":[{"embeddable":true,"href":"https:\/\/grandline.200.solutions\/index.php?rest_route=\/wp\/v2\/media\/1068"}],"wp:attachment":[{"href":"https:\/\/grandline.200.solutions\/index.php?rest_route=%2Fwp%2Fv2%2Fmedia&parent=1064"}],"wp:term":[{"taxonomy":"product_cat","embeddable":true,"href":"https:\/\/grandline.200.solutions\/index.php?rest_route=%2Fwp%2Fv2%2Fproduct_cat&post=1064"},{"taxonomy":"product_tag","embeddable":true,"href":"https:\/\/grandline.200.solutions\/index.php?rest_route=%2Fwp%2Fv2%2Fproduct_tag&post=1064"}],"curies":[{"name":"wp","href":"https:\/\/api.w.org\/{rel}","templated":true}]}}