{"id":1061,"date":"2024-11-06T23:16:50","date_gmt":"2024-11-06T22:16:50","guid":{"rendered":"https:\/\/grandline.200.solutions\/?post_type=product&#038;p=1061"},"modified":"2024-11-13T12:13:31","modified_gmt":"2024-11-13T11:13:31","slug":"sword-art-online-alicization-super-special-series-asuna","status":"publish","type":"product","link":"https:\/\/grandline.200.solutions\/?product=sword-art-online-alicization-super-special-series-asuna","title":{"rendered":"Sword Art Online: Alicization Super Special Series Asuna"},"content":{"rendered":"<p><span style=\"font-weight: 400;\">Figurka <\/span><b>Sword Art Online: Alicization Super Special Series Asuna <\/b><span style=\"font-weight: 400;\">je detailn\u011b zpracovan\u00e1 a zobrazuje Asunu <\/span><span style=\"font-weight: 400;\">v dynamick\u00e9 p\u00f3ze, jak dr\u017e\u00ed sv\u016fj me\u010d a p\u0159ipravuje se k boji. <\/span><span style=\"font-weight: 400;\">Tenhle speci\u00e1ln\u00ed kousek by v\u00e1m nem\u011bl chyb\u011bt ve sb\u00edrce.<\/span><\/p>\n<p><b>Vlastnosti:\u00a0<\/b><\/p>\n<p><span style=\"font-weight: 400;\">V\u00fd\u0161ka &#8211; 21 cm<\/span><\/p>\n<p><span style=\"font-weight: 400;\">Materi\u00e1l &#8211; PVC<\/span><\/p>\n<p><span style=\"font-weight: 400;\">Detailn\u00ed proveden\u00ed<\/span><\/p>\n<p><span style=\"font-weight: 400;\">Sb\u011bratelsk\u00e1 edice<\/span><\/p>\n","protected":false},"excerpt":{"rendered":"<p><span style=\"font-weight: 400;\">Figurka <\/span><b>Sword Art Online: Alicization Super Special Series Asuna <\/b><span style=\"font-weight: 400;\">je detailn\u011b zpracovan\u00e1 a zobrazuje Asunu <\/span><span style=\"font-weight: 400;\">v dynamick\u00e9 p\u00f3ze, jak dr\u017e\u00ed sv\u016fj me\u010d a p\u0159ipravuje se k boji. <\/span><span style=\"font-weight: 400;\">Tenhle speci\u00e1ln\u00ed kousek by v\u00e1m nem\u011bl chyb\u011bt ve sb\u00edrce.<\/span><\/p>\n","protected":false},"featured_media":1062,"comment_status":"open","ping_status":"closed","template":"","meta":{"inline_featured_image":false},"product_cat":[60,93,83],"product_tag":[],"class_list":{"0":"post-1061","1":"product","2":"type-product","3":"status-publish","4":"has-post-thumbnail","6":"product_cat-figurky","7":"product_cat-furyu","8":"product_cat-sword-art-online","10":"first","11":"instock","12":"shipping-taxable","13":"purchasable","14":"product-type-simple"},"_links":{"self":[{"href":"https:\/\/grandline.200.solutions\/index.php?rest_route=\/wp\/v2\/product\/1061","targetHints":{"allow":["GET"]}}],"collection":[{"href":"https:\/\/grandline.200.solutions\/index.php?rest_route=\/wp\/v2\/product"}],"about":[{"href":"https:\/\/grandline.200.solutions\/index.php?rest_route=\/wp\/v2\/types\/product"}],"replies":[{"embeddable":true,"href":"https:\/\/grandline.200.solutions\/index.php?rest_route=%2Fwp%2Fv2%2Fcomments&post=1061"}],"wp:featuredmedia":[{"embeddable":true,"href":"https:\/\/grandline.200.solutions\/index.php?rest_route=\/wp\/v2\/media\/1062"}],"wp:attachment":[{"href":"https:\/\/grandline.200.solutions\/index.php?rest_route=%2Fwp%2Fv2%2Fmedia&parent=1061"}],"wp:term":[{"taxonomy":"product_cat","embeddable":true,"href":"https:\/\/grandline.200.solutions\/index.php?rest_route=%2Fwp%2Fv2%2Fproduct_cat&post=1061"},{"taxonomy":"product_tag","embeddable":true,"href":"https:\/\/grandline.200.solutions\/index.php?rest_route=%2Fwp%2Fv2%2Fproduct_tag&post=1061"}],"curies":[{"name":"wp","href":"https:\/\/api.w.org\/{rel}","templated":true}]}}