{"id":1058,"date":"2024-11-06T23:14:48","date_gmt":"2024-11-06T22:14:48","guid":{"rendered":"https:\/\/grandline.200.solutions\/?post_type=product&#038;p=1058"},"modified":"2024-11-13T12:13:22","modified_gmt":"2024-11-13T11:13:22","slug":"sword-art-online-alicization-super-special-series-silica","status":"publish","type":"product","link":"https:\/\/grandline.200.solutions\/?product=sword-art-online-alicization-super-special-series-silica","title":{"rendered":"Sword Art Online: Alicization Super Special Series Silica"},"content":{"rendered":"<p><span style=\"font-weight: 400;\">Figurka <\/span><b>Sword Art Online: Alicization Super Special Series Silica <\/b><span style=\"font-weight: 400;\">zachycuje Silicu v dynamick\u00e9 p\u00f3ze, se zbran\u00ed v ruce. Jej\u00ed v\u00fdraz na tv\u00e1\u0159i a detaily na oble\u010den\u00ed jsou velmi propracovan\u00e9, co\u017e dod\u00e1v\u00e1 figurce realistick\u00fd vzhled. Perfektn\u00ed dopln\u011bk pro ka\u017ed\u00e9ho fanou\u0161ka Sword Art Online.<\/span><\/p>\n<p><b>Vlastnosti:\u00a0<\/b><\/p>\n<p><span style=\"font-weight: 400;\">V\u00fd\u0161ka &#8211; 18 cm<\/span><\/p>\n<p><span style=\"font-weight: 400;\">Materi\u00e1l &#8211; PVC<\/span><\/p>\n<p><span style=\"font-weight: 400;\">Detailn\u00ed proveden\u00ed<\/span><\/p>\n<p><span style=\"font-weight: 400;\">Sb\u011bratelsk\u00e1 edice<\/span><\/p>\n","protected":false},"excerpt":{"rendered":"<p><span style=\"font-weight: 400;\">Figurka <\/span><b>Sword Art Online: Alicization Super Special Series Silica <\/b><span style=\"font-weight: 400;\">zachycuje Silicu v dynamick\u00e9 p\u00f3ze, se zbran\u00ed v ruce. Jej\u00ed v\u00fdraz na tv\u00e1\u0159i a detaily na oble\u010den\u00ed jsou velmi propracovan\u00e9, co\u017e dod\u00e1v\u00e1 figurce realistick\u00fd vzhled. Perfektn\u00ed dopln\u011bk pro ka\u017ed\u00e9ho fanou\u0161ka Sword Art Online.<\/span><\/p>\n","protected":false},"featured_media":1059,"comment_status":"open","ping_status":"closed","template":"","meta":{"inline_featured_image":false},"product_cat":[60,93,83],"product_tag":[],"class_list":{"0":"post-1058","1":"product","2":"type-product","3":"status-publish","4":"has-post-thumbnail","6":"product_cat-figurky","7":"product_cat-furyu","8":"product_cat-sword-art-online","10":"first","11":"instock","12":"shipping-taxable","13":"purchasable","14":"product-type-simple"},"_links":{"self":[{"href":"https:\/\/grandline.200.solutions\/index.php?rest_route=\/wp\/v2\/product\/1058","targetHints":{"allow":["GET"]}}],"collection":[{"href":"https:\/\/grandline.200.solutions\/index.php?rest_route=\/wp\/v2\/product"}],"about":[{"href":"https:\/\/grandline.200.solutions\/index.php?rest_route=\/wp\/v2\/types\/product"}],"replies":[{"embeddable":true,"href":"https:\/\/grandline.200.solutions\/index.php?rest_route=%2Fwp%2Fv2%2Fcomments&post=1058"}],"wp:featuredmedia":[{"embeddable":true,"href":"https:\/\/grandline.200.solutions\/index.php?rest_route=\/wp\/v2\/media\/1059"}],"wp:attachment":[{"href":"https:\/\/grandline.200.solutions\/index.php?rest_route=%2Fwp%2Fv2%2Fmedia&parent=1058"}],"wp:term":[{"taxonomy":"product_cat","embeddable":true,"href":"https:\/\/grandline.200.solutions\/index.php?rest_route=%2Fwp%2Fv2%2Fproduct_cat&post=1058"},{"taxonomy":"product_tag","embeddable":true,"href":"https:\/\/grandline.200.solutions\/index.php?rest_route=%2Fwp%2Fv2%2Fproduct_tag&post=1058"}],"curies":[{"name":"wp","href":"https:\/\/api.w.org\/{rel}","templated":true}]}}