{"id":1053,"date":"2024-11-06T23:12:27","date_gmt":"2024-11-06T22:12:27","guid":{"rendered":"https:\/\/grandline.200.solutions\/?post_type=product&#038;p=1053"},"modified":"2024-11-13T12:13:09","modified_gmt":"2024-11-13T11:13:09","slug":"sword-art-online-alicization-espresto-clear-materials-soine-ver-asuna","status":"publish","type":"product","link":"https:\/\/grandline.200.solutions\/?product=sword-art-online-alicization-espresto-clear-materials-soine-ver-asuna","title":{"rendered":"Sword Art Online: Alicization Espresto Clear Materials, Soine ver. Asuna"},"content":{"rendered":"<p><span style=\"font-weight: 400;\">Figurka <\/span><b>Sword Art Online: Alicization Espresto Clear Materials, Soine ver. Asuna <\/b><span style=\"font-weight: 400;\">zobrazuje Asunu v elegantn\u00ed le\u017e\u00edc\u00ed pozici, co\u017e dod\u00e1v\u00e1 figurce jemn\u00fd a klidn\u00fd vzhled. Tato figurka je skv\u011bl\u00fdm sb\u011bratelsk\u00fdm kouskem pro fanou\u0161ky Sword Art Online.<\/span><\/p>\n<p><b>Vlastnosti:\u00a0<\/b><\/p>\n<p><span style=\"font-weight: 400;\">D\u00e9lka &#8211; 18 cm<\/span><\/p>\n<p><span style=\"font-weight: 400;\">Materi\u00e1l &#8211; PVC<\/span><\/p>\n<p><span style=\"font-weight: 400;\">Detailn\u00ed proveden\u00ed<\/span><\/p>\n<p><span style=\"font-weight: 400;\">Sb\u011bratelsk\u00e1 edice<\/span><\/p>\n","protected":false},"excerpt":{"rendered":"<p><span style=\"font-weight: 400;\">Figurka <\/span><b>Sword Art Online: Alicization Espresto Clear Materials, Soine ver. Asuna <\/b><span style=\"font-weight: 400;\">zobrazuje Asunu v elegantn\u00ed le\u017e\u00edc\u00ed pozici, co\u017e dod\u00e1v\u00e1 figurce jemn\u00fd a klidn\u00fd vzhled. Tato figurka je skv\u011bl\u00fdm sb\u011bratelsk\u00fdm kouskem pro fanou\u0161ky Sword Art Online.<\/span><\/p>\n","protected":false},"featured_media":1057,"comment_status":"open","ping_status":"closed","template":"","meta":{"inline_featured_image":false},"product_cat":[77,60,83],"product_tag":[],"class_list":{"0":"post-1053","1":"product","2":"type-product","3":"status-publish","4":"has-post-thumbnail","6":"product_cat-bandai-spirits","7":"product_cat-figurky","8":"product_cat-sword-art-online","10":"first","11":"instock","12":"shipping-taxable","13":"purchasable","14":"product-type-simple"},"_links":{"self":[{"href":"https:\/\/grandline.200.solutions\/index.php?rest_route=\/wp\/v2\/product\/1053","targetHints":{"allow":["GET"]}}],"collection":[{"href":"https:\/\/grandline.200.solutions\/index.php?rest_route=\/wp\/v2\/product"}],"about":[{"href":"https:\/\/grandline.200.solutions\/index.php?rest_route=\/wp\/v2\/types\/product"}],"replies":[{"embeddable":true,"href":"https:\/\/grandline.200.solutions\/index.php?rest_route=%2Fwp%2Fv2%2Fcomments&post=1053"}],"wp:featuredmedia":[{"embeddable":true,"href":"https:\/\/grandline.200.solutions\/index.php?rest_route=\/wp\/v2\/media\/1057"}],"wp:attachment":[{"href":"https:\/\/grandline.200.solutions\/index.php?rest_route=%2Fwp%2Fv2%2Fmedia&parent=1053"}],"wp:term":[{"taxonomy":"product_cat","embeddable":true,"href":"https:\/\/grandline.200.solutions\/index.php?rest_route=%2Fwp%2Fv2%2Fproduct_cat&post=1053"},{"taxonomy":"product_tag","embeddable":true,"href":"https:\/\/grandline.200.solutions\/index.php?rest_route=%2Fwp%2Fv2%2Fproduct_tag&post=1053"}],"curies":[{"name":"wp","href":"https:\/\/api.w.org\/{rel}","templated":true}]}}