{"id":1016,"date":"2024-11-06T22:46:13","date_gmt":"2024-11-06T21:46:13","guid":{"rendered":"https:\/\/grandline.200.solutions\/?post_type=product&#038;p=1016"},"modified":"2024-11-13T12:08:15","modified_gmt":"2024-11-13T11:08:15","slug":"rezero-kara-hajimeru-isekai-seikatsu-luminasta-dai-seirei-puck-beatrice","status":"publish","type":"product","link":"https:\/\/grandline.200.solutions\/?product=rezero-kara-hajimeru-isekai-seikatsu-luminasta-dai-seirei-puck-beatrice","title":{"rendered":"Re:Zero kara Hajimeru Isekai Seikatsu Luminasta Dai Seirei Puck Beatrice"},"content":{"rendered":"<p><span style=\"font-weight: 400;\">Figurka <\/span><b>Re:Zero kara Hajime Isekai Seikatsu Luminasta Dai Seirei Puck Beatrice <\/b><span style=\"font-weight: 400;\">zobrazuje Beatrice v roztomil\u00e9 p\u00f3ze, oble\u010denou v oversized mikin\u011b inspirovan\u00e9 Puckem. Mikina m\u00e1 detaily jako Puckovy u\u0161i, ocas a dokonce i pono\u017eky p\u0159ipom\u00ednaj\u00edc\u00ed tlapky. Tento sb\u011bratelsk\u00fd kousek je ide\u00e1ln\u00ed pro fanou\u0161ky s\u00e9rie, kte\u0159\u00ed cht\u011bj\u00ed p\u0159idat do sv\u00e9 sb\u00edrky n\u011bco opravdu kouzeln\u00e9ho.<\/span><\/p>\n<p><b>Vlastnosti:\u00a0<\/b><\/p>\n<p><span style=\"font-weight: 400;\">V\u00fd\u0161ka &#8211; 18 cm<\/span><\/p>\n<p><span style=\"font-weight: 400;\">Materi\u00e1l &#8211; PVC<\/span><\/p>\n<p><span style=\"font-weight: 400;\">Detailn\u00ed proveden\u00ed<\/span><\/p>\n<p><span style=\"font-weight: 400;\">Sb\u011bratelsk\u00e1 edice<\/span><\/p>\n","protected":false},"excerpt":{"rendered":"<p><span style=\"font-weight: 400;\">Figurka <\/span><b>Re:Zero kara Hajime Isekai Seikatsu Luminasta Dai Seirei Puck Beatrice <\/b><span style=\"font-weight: 400;\">zobrazuje Beatrice v roztomil\u00e9 p\u00f3ze, oble\u010denou v oversized mikin\u011b inspirovan\u00e9 Puckem. Mikina m\u00e1 detaily jako Puckovy u\u0161i, ocas a dokonce i pono\u017eky p\u0159ipom\u00ednaj\u00edc\u00ed tlapky. Tento sb\u011bratelsk\u00fd kousek je ide\u00e1ln\u00ed pro fanou\u0161ky s\u00e9rie, kte\u0159\u00ed cht\u011bj\u00ed p\u0159idat do sv\u00e9 sb\u00edrky n\u011bco opravdu kouzeln\u00e9ho.<\/span><\/p>\n","protected":false},"featured_media":1025,"comment_status":"open","ping_status":"closed","template":"","meta":{"inline_featured_image":false},"product_cat":[60,82,94],"product_tag":[],"class_list":{"0":"post-1016","1":"product","2":"type-product","3":"status-publish","4":"has-post-thumbnail","6":"product_cat-figurky","7":"product_cat-rezero","8":"product_cat-sega","10":"first","11":"instock","12":"shipping-taxable","13":"purchasable","14":"product-type-simple"},"_links":{"self":[{"href":"https:\/\/grandline.200.solutions\/index.php?rest_route=\/wp\/v2\/product\/1016","targetHints":{"allow":["GET"]}}],"collection":[{"href":"https:\/\/grandline.200.solutions\/index.php?rest_route=\/wp\/v2\/product"}],"about":[{"href":"https:\/\/grandline.200.solutions\/index.php?rest_route=\/wp\/v2\/types\/product"}],"replies":[{"embeddable":true,"href":"https:\/\/grandline.200.solutions\/index.php?rest_route=%2Fwp%2Fv2%2Fcomments&post=1016"}],"wp:featuredmedia":[{"embeddable":true,"href":"https:\/\/grandline.200.solutions\/index.php?rest_route=\/wp\/v2\/media\/1025"}],"wp:attachment":[{"href":"https:\/\/grandline.200.solutions\/index.php?rest_route=%2Fwp%2Fv2%2Fmedia&parent=1016"}],"wp:term":[{"taxonomy":"product_cat","embeddable":true,"href":"https:\/\/grandline.200.solutions\/index.php?rest_route=%2Fwp%2Fv2%2Fproduct_cat&post=1016"},{"taxonomy":"product_tag","embeddable":true,"href":"https:\/\/grandline.200.solutions\/index.php?rest_route=%2Fwp%2Fv2%2Fproduct_tag&post=1016"}],"curies":[{"name":"wp","href":"https:\/\/api.w.org\/{rel}","templated":true}]}}