{"id":1005,"date":"2024-11-06T22:42:52","date_gmt":"2024-11-06T21:42:52","guid":{"rendered":"https:\/\/grandline.200.solutions\/?post_type=product&#038;p=1005"},"modified":"2024-11-13T12:07:52","modified_gmt":"2024-11-13T11:07:52","slug":"rezero-kara-hajimeru-isekai-seikatsu-luminasta-mofumofu-puck-emilia","status":"publish","type":"product","link":"https:\/\/grandline.200.solutions\/?product=rezero-kara-hajimeru-isekai-seikatsu-luminasta-mofumofu-puck-emilia","title":{"rendered":"Re:Zero kara Hajimeru Isekai Seikatsu Luminasta Mofumofu Puck Emilia"},"content":{"rendered":"<p><span style=\"font-weight: 400;\">Figurka <\/span><b>Re:Zero kara Hajimeri Isekai Seikatsu Luminasta Mofumofu Puck Emilia<\/b><span style=\"font-weight: 400;\"> zobrazuje Emilii, jednu z hlavn\u00edch postav s\u00e9rie, v roztomil\u00e9m a pohodln\u00e9 mikin\u011b inspirovan\u00e9 Puckem, kter\u00e9 zd\u016fraz\u0148uje jej\u00ed jemnou a p\u0159\u00e1telskou povahu. <\/span><span style=\"font-weight: 400;\">Tento sb\u011bratelsk\u00fd kousek je skv\u011bl\u00fdm dopl\u0148kem pro ka\u017ed\u00e9ho fanou\u0161ka s\u00e9rie.<\/span><\/p>\n<p><b>Vlastnosti:\u00a0<\/b><\/p>\n<p><span style=\"font-weight: 400;\">V\u00fd\u0161ka &#8211; 21 cm<\/span><\/p>\n<p><span style=\"font-weight: 400;\">Materi\u00e1l &#8211; PVC<\/span><\/p>\n<p><span style=\"font-weight: 400;\">Detailn\u00ed proveden\u00ed<\/span><\/p>\n<p><span style=\"font-weight: 400;\">Sb\u011bratelsk\u00e1 edice<\/span><\/p>\n","protected":false},"excerpt":{"rendered":"<p><span style=\"font-weight: 400;\">Figurka <\/span><b>Re:Zero kara Hajimeri Isekai Seikatsu Luminasta Mofumofu Puck Emilia<\/b><span style=\"font-weight: 400;\"> zobrazuje Emilii, jednu z hlavn\u00edch postav s\u00e9rie, v roztomil\u00e9m a pohodln\u00e9 mikin\u011b inspirovan\u00e9 Puckem, kter\u00e9 zd\u016fraz\u0148uje jej\u00ed jemnou a p\u0159\u00e1telskou povahu. <\/span><span style=\"font-weight: 400;\">Tento sb\u011bratelsk\u00fd kousek je skv\u011bl\u00fdm dopl\u0148kem pro ka\u017ed\u00e9ho fanou\u0161ka s\u00e9rie.<\/span><\/p>\n","protected":false},"featured_media":1015,"comment_status":"open","ping_status":"closed","template":"","meta":{"inline_featured_image":false},"product_cat":[60,82,94],"product_tag":[],"class_list":{"0":"post-1005","1":"product","2":"type-product","3":"status-publish","4":"has-post-thumbnail","6":"product_cat-figurky","7":"product_cat-rezero","8":"product_cat-sega","10":"first","11":"instock","12":"shipping-taxable","13":"purchasable","14":"product-type-simple"},"_links":{"self":[{"href":"https:\/\/grandline.200.solutions\/index.php?rest_route=\/wp\/v2\/product\/1005","targetHints":{"allow":["GET"]}}],"collection":[{"href":"https:\/\/grandline.200.solutions\/index.php?rest_route=\/wp\/v2\/product"}],"about":[{"href":"https:\/\/grandline.200.solutions\/index.php?rest_route=\/wp\/v2\/types\/product"}],"replies":[{"embeddable":true,"href":"https:\/\/grandline.200.solutions\/index.php?rest_route=%2Fwp%2Fv2%2Fcomments&post=1005"}],"wp:featuredmedia":[{"embeddable":true,"href":"https:\/\/grandline.200.solutions\/index.php?rest_route=\/wp\/v2\/media\/1015"}],"wp:attachment":[{"href":"https:\/\/grandline.200.solutions\/index.php?rest_route=%2Fwp%2Fv2%2Fmedia&parent=1005"}],"wp:term":[{"taxonomy":"product_cat","embeddable":true,"href":"https:\/\/grandline.200.solutions\/index.php?rest_route=%2Fwp%2Fv2%2Fproduct_cat&post=1005"},{"taxonomy":"product_tag","embeddable":true,"href":"https:\/\/grandline.200.solutions\/index.php?rest_route=%2Fwp%2Fv2%2Fproduct_tag&post=1005"}],"curies":[{"name":"wp","href":"https:\/\/api.w.org\/{rel}","templated":true}]}}