{"id":3,"date":"2024-10-14T14:18:22","date_gmt":"2024-10-14T12:18:22","guid":{"rendered":"https:\/\/grandline.200.solutions\/subdomains\/grandline\/?page_id=3"},"modified":"2024-11-15T13:01:17","modified_gmt":"2024-11-15T12:01:17","slug":"ochrana-osobnich-udaju","status":"publish","type":"page","link":"https:\/\/grandline.200.solutions\/?page_id=3","title":{"rendered":"Z\u00e1sady ochrany osobn\u00edch \u00fadaj\u016f"},"content":{"rendered":"<h2 class=\"wp-block-heading\"><strong>PODM\u00cdNKY OCHRANY OSOBN\u00cdCH \u00daDAJ\u016e<\/strong><\/h2><p><strong>INFORMA\u010cN\u00cd DOKUMENT<\/strong><\/p><p>V tomto dokumentu uv\u00e1d\u00edme (1) p\u0159\u00edklady soubor\u016f cookies, kter\u00e9 m\u016f\u017eete vyu\u017e\u00edvat na sv\u00e9m Webov\u00e9m port\u00e1lu a (2) p\u0159\u00edklady zpracovatel\u016f shrom\u00e1\u017ed\u011bn\u00fdch soubor\u016f cookies. Jedn\u00e1 se o v\u00fd\u010det nej\u010dast\u011bji pou\u017e\u00edvan\u00fdch. <strong>Pozor, nejedn\u00e1 se o kompletn\u00ed v\u00fd\u010det v\u0161ech mo\u017en\u00fdch cookies a zpracovatel\u016f.<\/strong><\/p><p><strong>Jedn\u00e1 se pouze o informa\u010dn\u00ed a vzorov\u00fd dokument. Nejedn\u00e1 se o pr\u00e1vn\u00ed slu\u017ebu ani pr\u00e1vn\u00ed poradenstv\u00ed. Doporu\u010dujeme konzultaci s odborn\u00edkem a specialistou na toto t\u00e9ma.<\/strong><\/p><h2 class=\"wp-block-heading\"><a><\/a><strong>Cookies<\/strong><\/h2><p><strong>Sekce IV. Pou\u017e\u00edv\u00e1n\u00ed soubor\u016f cookies bod 4.3. Podm\u00ednek ochrany osobn\u00edch \u00fadaj\u016f<\/strong><\/p><p><strong>Je nutn\u00e9, abyste zjistili, jak\u00e9 v\u0161echny cookies shroma\u017e\u010fujete na sv\u00e9m Webov\u00e9m port\u00e1lu a tyto cookies uvedli a doplnili k nim pot\u0159ebn\u00e9 informace<\/strong> (n\u00e1zev, popis, \u00fa\u010del, typ, doba ulo\u017een\u00ed, vydavatel, atd.).<\/p><p>Nezbytn\u00e9 cookies doporu\u010dujeme uv\u00e9st v\u0161echny n\u00ed\u017ee uveden\u00e9 do Va\u0161ich Podm\u00ednek ochrany osobn\u00edch \u00fadaj\u016f. M\u016f\u017eete v\u0161ak na sv\u00e9m Webov\u00e9m port\u00e1lu vyu\u017e\u00edvat i n\u011bjak\u00e9 dal\u0161\u00ed nezbytn\u00e9 cookies a v tom p\u0159\u00edpad\u011b je bude pot\u0159eba do seznamu p\u0159idat.<\/p><p>Analytick\u00e9 a Reklamn\u00ed cookies jsme uvedli nej\u010dast\u011bji pou\u017e\u00edvan\u00e9 \u010desk\u00fdmi e-shopy a webov\u00fdmi str\u00e1nkami. Pokud pou\u017e\u00edv\u00e1te n\u011bjak\u00fd analytick\u00fd \u010di reklamn\u00ed n\u00e1stroj (snadno pozn\u00e1te z n\u00e1zvu cookies), pak uve\u010fte tyto cookies do sv\u00fdch Podm\u00ednek ochrany osobn\u00edch \u00fadaj\u016f.<\/p><p>Cookies se souvisej\u00edc\u00edmi informacemi, \u010d\u00e1sti \u010di celou tabulku vlo\u017ete do Podm\u00ednek pro ochranu osobn\u00edch \u00fadaj\u016f do <strong>Sekce IV. Pou\u017e\u00edv\u00e1n\u00ed soubor\u016f cookies bod 4.3.<\/strong><\/p><ol start=\"1\" style=\"list-style-type:upper-roman\" class=\"wp-block-list\"><li><strong>Nezbytn\u00e9 cookies<\/strong><\/li><\/ol><figure class=\"wp-block-table\"><table class=\"has-fixed-layout\"><tbody><tr><td><strong>N\u00e1zev<\/strong><\/td><td><strong>Popis a \u00fa\u010del<\/strong><\/td><td><strong>Typ souboru cookies<\/strong><\/td><td><a><strong>Doba ulo\u017een\u00ed<\/strong><\/a><a href=\"#_msocom_1\">[A1]<\/a>&nbsp;<strong><\/strong><\/td><\/tr><tr><td>externaFontsLoaded<\/td><td>Slou\u017e\u00ed k na\u010d\u00edt\u00e1n\u00ed font\u016f.<\/td><td>Nezbytn\u00e9 cookies<\/td><td>&nbsp;<\/td><\/tr><tr><td>NOCHACHE<\/td><td>Slou\u017e\u00ed k rychlej\u0161\u00edmu na\u010d\u00edt\u00e1n\u00ed Webov\u00fdch str\u00e1nek E-shopu.<\/td><td>Nezbytn\u00e9 cookies<\/td><td>&nbsp;<\/td><\/tr><tr><td>PHPSESSID<\/td><td>Slou\u017e\u00ed k identifikaci p\u0159ihla\u0161ovac\u00edch \u00fadaj\u016f U\u017eivatele.<\/td><td>Nezbytn\u00e9 cookies<\/td><td>&nbsp;<\/td><\/tr><tr><td>previousURL<\/td><td>Slou\u017e\u00ed k ulo\u017een\u00ed p\u0159edchoz\u00ed nav\u0161t\u00edven\u00e9 str\u00e1nky na Webov\u00fdch str\u00e1nk\u00e1ch E-shopu.<\/td><td>Nezbytn\u00e9 cookies<\/td><td>&nbsp;<\/td><\/tr><tr><td>referral<\/td><td>Slou\u017e\u00ed k identifikaci p\u0159edchoz\u00edho zdroje n\u00e1v\u0161t\u011bvy.<\/td><td>Nezbytn\u00e9 cookies<\/td><td>&nbsp;<\/td><\/tr><tr><td>mccid a mceid<\/td><td>Nosi\u010d intern\u00edch informac\u00ed pro spr\u00e1vn\u00e9 fungov\u00e1n\u00ed Webov\u00fdch str\u00e1nek.<\/td><td>Nezbytn\u00e9 cookies<\/td><td>&nbsp;<\/td><\/tr><tr><td>SRV_id<\/td><td>Nosi\u010d intern\u00edch informac\u00ed pro zaji\u0161t\u011bn\u00ed vysok\u00e9 dostupnosti E-shopu.<\/td><td>Nezbytn\u00e9 cookies<\/td><td>&nbsp;<\/td><\/tr><tr><td>CookiesOK<\/td><td>Slou\u017e\u00ed k vyj\u00e1d\u0159en\u00ed souhlasu s pou\u017eit\u00edm soubor\u016f cookies.<\/td><td>Nezbytn\u00e9 cookies<\/td><td>&nbsp;<\/td><\/tr><\/tbody><\/table><\/figure><ol start=\"2\" style=\"list-style-type:upper-roman\" class=\"wp-block-list\"><li><strong>Analytick\u00e9 cookies<\/strong><\/li><\/ol><figure class=\"wp-block-table\"><table class=\"has-fixed-layout\"><tbody><tr><td><strong>N\u00e1zev<\/strong><\/td><td><strong>Vydavatel<\/strong><\/td><td><strong>Popis a \u00fa\u010del<\/strong><\/td><td><strong>Typ souboru cookies<\/strong><\/td><td><a><strong>Doba ulo\u017een\u00ed<\/strong><\/a><a href=\"#_msocom_2\">[A2]<\/a>&nbsp;<strong><\/strong><\/td><\/tr><tr><td>Hotjar<\/td><td>Hotjar Ltd. Dragonara Business Centre 5th Floor, Dragonara Road, Paceville St. Julian&#8217;s, STJ 3141 Malta<\/td><td>N\u00e1stroj pro sledov\u00e1n\u00ed chov\u00e1n\u00ed U\u017eivatele na Webov\u00fdch str\u00e1nk\u00e1ch a zlep\u0161ov\u00e1n\u00ed webu.<\/td><td>Analytick\u00e9 cookies <a href=\"https:\/\/www.hotjar.com\/legal\/policies\/privacy\/\">Podm\u00ednky slu\u017eby Hotjar<\/a><\/td><td>&nbsp;<\/td><\/tr><tr><td>Leady<\/td><td>Imper CZ, s.r.o. &nbsp; Factory Office Center N\u00e1dra\u017en\u00ed 762\/32, 150 00 Praha 5 I\u010cO: 28547888<\/td><td>N\u00e1stroj pro sledov\u00e1n\u00ed chov\u00e1n\u00ed U\u017eivatele na Webov\u00fdch str\u00e1nk\u00e1ch a zlep\u0161ov\u00e1n\u00ed webu.<\/td><td>Analytick\u00e9 cookies <a href=\"https:\/\/leady.com\/privacy\/\">Podm\u00ednky slu\u017eby Leady<\/a><\/td><td>&nbsp;<\/td><\/tr><tr><td>Google Analytics<\/td><td>Google Ireland Ltd. Gordon House Barrow Street, Dublin 4 Irsko I\u010cO: 368047<\/td><td>N\u00e1stroj pro vyhodnocov\u00e1n\u00ed \u00fasp\u011b\u0161nosti a zlep\u0161ov\u00e1n\u00ed webu.<\/td><td>Analytick\u00e9 cookies <a href=\"https:\/\/policies.google.com\/privacy\">Podm\u00ednky slu\u017eby Google Analytics<\/a><\/td><td>&nbsp;<\/td><\/tr><tr><td>Google Optimize<\/td><td>Google Ireland Ltd. Gordon House Barrow Street, Dublin 4 Irsko I\u010cO: 368047<\/td><td>N\u00e1stroj pro vyhodnocov\u00e1n\u00ed \u00fasp\u011b\u0161nosti a zlep\u0161ov\u00e1n\u00ed webu.<\/td><td>Analytick\u00e9 cookies <a href=\"https:\/\/policies.google.com\/privacy\">Podm\u00ednky slu\u017eby Google Optimize<\/a><\/td><td>&nbsp;<\/td><\/tr><tr><td>Google Tag Manager<\/td><td>Google Ireland Ltd. Gordon House Barrow Street, Dublin 4 Irsko I\u010cO: 368047<\/td><td>N\u00e1stroj pro spr\u00e1vu v\u0161ech m\u011b\u0159ic\u00edch a reklamn\u00edch skript\u016f na webu.<\/td><td>Analytick\u00e9 cookies <a href=\"https:\/\/policies.google.com\/privacy\">Podm\u00ednky slu\u017eby Google Tag Manager<\/a><\/td><td>&nbsp;<\/td><\/tr><tr><td>Google ReCaptcha<\/td><td>Google Ireland Ltd. Gordon House Barrow Street, Dublin 4 Irsko I\u010cO: 368047<\/td><td>N\u00e1stroj pro ochranu webu p\u0159ed spamy.<\/td><td>Analytick\u00e9 cookies <a href=\"https:\/\/policies.google.com\/privacy\">Podm\u00ednky slu\u017eby Google ReCaptcha<\/a><\/td><td>&nbsp;<\/td><\/tr><tr><td>Smartlook a Smartsupp<\/td><td>Smartlook.com, s.r.o. \u0160umavsk\u00e1 524\/31, 602 00 Brno I\u010cO: 09508830 Smartsupp.com, s.r.o. \u0160umavsk\u00e1 524\/31, 602 00 Brno I\u010cO: 036 68 681<\/td><td>N\u00e1stroj pro m\u011b\u0159en\u00ed a vyhodnocov\u00e1n\u00edm \u00fasp\u011b\u0161nosti webu a komunikaci s klienty.<\/td><td>Analytick\u00e9 cookies <a href=\"https:\/\/help.smartlook.com\/docs\/privacy-policy\">Podm\u00ednky slu\u017eby Smartlook a Smartsupp<\/a><\/td><td>&nbsp;<\/td><\/tr><tr><td>SpeedCurve Limited<\/td><td>SpeedCurve Ltd. 36 Valley Road, Titirangi, Auckland 0604 Nov\u00fd Z\u00e9land<\/td><td>N\u00e1stroj pro sledov\u00e1n\u00ed rychlosti Webov\u00fdch str\u00e1nek a zlep\u0161en\u00ed v\u00fdkonu. &nbsp;<\/td><td>Analytick\u00e9 cookies <a href=\"https:\/\/www.speedcurve.com\/terms\/\">Podm\u00ednky slu\u017eby SpeedCurve Limited<\/a><\/td><td>&nbsp;<\/td><\/tr><tr><td>Luigisbox<\/td><td>Luigi&#8217;s Box, s.r.o. Tallerova 4, Star\u00e9 Mesto, 811 02 Bratislava Slovensko I\u010cO: 50641671<\/td><td>N\u00e1stroj pro sledov\u00e1n\u00ed chov\u00e1n\u00ed U\u017eivatele na Webov\u00fdch str\u00e1nk\u00e1ch a zlep\u0161ov\u00e1n\u00ed webu.<\/td><td>Analytick\u00e9 cookies <a href=\"https:\/\/www.luigisbox.com\/privacy\/\">Podm\u00ednky slu\u017eby Luigisbox<\/a><\/td><td>&nbsp;<\/td><\/tr><\/tbody><\/table><\/figure><ol start=\"3\" style=\"list-style-type:upper-roman\" class=\"wp-block-list\"><li><strong>Reklamn\u00ed cookies<\/strong><\/li><\/ol><figure class=\"wp-block-table\"><table class=\"has-fixed-layout\"><tbody><tr><td><strong>N\u00e1zev<\/strong><\/td><td><strong>Vydavatel<\/strong><\/td><td><strong>Popis a \u00fa\u010del<\/strong><\/td><td><strong>Typ souboru cookies<\/strong><\/td><td><a><strong>Doba ulo\u017een\u00ed<\/strong><\/a><a href=\"#_msocom_3\">[A3]<\/a>&nbsp;<strong><\/strong><\/td><\/tr><tr><td>AdForm<\/td><td>AdForm, s.r.o. River Garden II, vchod A, Rohansk\u00e9 n\u00e1b\u0159e\u017e\u00ed 678\/23, 186 00 Praha I\u010cO: 05461421<\/td><td>Slou\u017e\u00ed k zobrazov\u00e1n\u00ed bannerov\u00e9 reklamy.<\/td><td>Reklamn\u00ed cookies <a href=\"https:\/\/site.adform.com\/privacy-center\/platform-privacy\/product-and-services-privacy-policy\/\">Podm\u00ednky slu\u017eby AdForm<\/a><\/td><td>&nbsp;<\/td><\/tr><tr><td>Criteo<\/td><td>Criteo SA 32 Rue Blanche, 75009 Paris Francie<\/td><td>Slou\u017e\u00ed k zobrazov\u00e1n\u00ed bannerov\u00e9 reklamy.<\/td><td>Reklamn\u00ed cookies <a href=\"https:\/\/www.criteo.com\/privacy\/corporate-privacy-policy\/\">Podm\u00ednky slu\u017eby Criteo<\/a><\/td><td>&nbsp;<\/td><\/tr><tr><td>Google Ads<\/td><td>Google Ireland Ltd. Gordon House Barrow Street, Dublin 4 Irsko I\u010cO: 368047<\/td><td>Slou\u017e\u00ed k zobrazov\u00e1n\u00ed reklamy ve vyhled\u00e1v\u00e1n\u00ed, bannerov\u00e9 reklamy a YouTube reklamy.<\/td><td>Reklamn\u00ed cookies <a href=\"https:\/\/policies.google.com\/privacy\">Podm\u00ednky slu\u017eby GoogleAds<\/a><\/td><td>&nbsp;<\/td><\/tr><tr><td>Google Adwords<\/td><td>Google Ireland Ltd. Gordon House Barrow Street, Dublin 4 Irsko I\u010cO: 368047<\/td><td>Slou\u017e\u00ed k c\u00edlen\u00ed reklamy.<\/td><td>Reklamn\u00ed cookies <a href=\"https:\/\/policies.google.com\/privacy\">Podm\u00ednky slu\u017eby Google Adwords<\/a><\/td><td>&nbsp;<\/td><\/tr><tr><td>Google Display &amp; Video 360<\/td><td>Google Ireland Ltd. Gordon House Barrow Street, Dublin 4 Irsko I\u010cO: 368047<\/td><td>Slou\u017e\u00ed k zobrazov\u00e1n\u00ed bannerov\u00e9 reklamy.<\/td><td>Reklamn\u00ed cookies <a href=\"https:\/\/policies.google.com\/privacy\">Podm\u00ednky slu\u017eby Google display &amp; Video 360<\/a><\/td><td>&nbsp;<\/td><\/tr><tr><td>Google Pay<\/td><td>Google Ireland Ltd. Gordon House Barrow Street, Dublin 4 Irsko I\u010cO: 368047<\/td><td>Slou\u017e\u00ed jako platebn\u00ed br\u00e1na na E-shopu.<\/td><td>Reklamn\u00ed cookies <a href=\"https:\/\/policies.google.com\/privacy\">Podm\u00ednky slu\u017eby Google Pay<\/a><\/td><td>&nbsp;<\/td><\/tr><tr><td>TikTok Ads<\/td><td>TikTok Technology Ltd. 10 Earlsfort Terrace, Dublin, D02 T380 Irsko<\/td><td>Slou\u017e\u00ed k reklam\u011b zobrazovan\u00e9 na TikToku.<\/td><td>Reklamn\u00ed cookies <a href=\"https:\/\/www.tiktok.com\/legal\/page\/eea\/privacy-policy\/cs\">Podm\u00ednky slu\u017eby TikTok Ads<\/a><\/td><td>&nbsp;<\/td><\/tr><tr><td>Allegro Ads<\/td><td>Allegro Sp. z o.o. ul. Wierzbi\u0119cice 1B, 61-569 Pozna\u0144 Polsko I\u010cO: 0000635012<\/td><td>Slou\u017e\u00ed k zobrazov\u00e1n\u00ed bannerov\u00e9 reklamy.<\/td><td>Reklamn\u00ed cookies <a href=\"https:\/\/about.allegro.eu\/static-files\/e37a88b1-1fa3-4117-8ebd-3ab6dd1a2774\">Podm\u00ednky slu\u017eby Allegro Ads<\/a><\/td><td>&nbsp;<\/td><\/tr><tr><td>DoubleClick<\/td><td>Google Ireland Ltd. Gordon House Barrow Street, Dublin 4 Irsko I\u010cO: 368047<\/td><td>Slou\u017e\u00ed k zobrazov\u00e1n\u00ed reklamy ve vyhled\u00e1v\u00e1n\u00ed na Google.<\/td><td>Reklamn\u00ed cookies <a href=\"https:\/\/policies.google.com\/privacy\">Podm\u00ednky slu\u017eby DoubleClick<\/a><\/td><td>&nbsp;<\/td><\/tr><tr><td>LinkedIn Ads<\/td><td>LinkedIn Corporation 1000 W Maude Ave, Sunnyvale, CA Spojen\u00e9 st\u00e1ty americk\u00e9<\/td><td>Slou\u017e\u00ed k reklam\u011b zobrazovan\u00e9 na LinkedIn.<\/td><td>Reklamn\u00ed cookies <a href=\"https:\/\/cz.linkedin.com\/legal\/privacy-policy?src=direct%2Fnone&amp;veh=direct%2Fnone\">Podm\u00ednky slu\u017eby LinkedIn Ads<\/a><\/td><td>&nbsp;<\/td><\/tr><tr><td>Facebook (Meta)<\/td><td>Meta Platforms Inc. 1 Meta Way, Menlo Park, California, 94025 Spojen\u00e9 st\u00e1ty americk\u00e9<\/td><td>Slou\u017e\u00ed ke sd\u00edlen\u00ed produkt\u016f a Webov\u00fdch str\u00e1nek mezi U\u017eivateli.<\/td><td>Reklamn\u00ed cookies <a href=\"http:\/\/www.facebook.com\/about\/privacy\/\">Podm\u00ednky slu\u017eby Facebook (Meta)<\/a><\/td><td>&nbsp;<\/td><\/tr><tr><td>Facebook Ads (Meta)<\/td><td>Meta Platforms Inc. 1 Meta Way, Menlo Park, California, 94025 Spojen\u00e9 st\u00e1ty americk\u00e9<\/td><td>Slou\u017e\u00ed k reklam\u011b zobrazovan\u00e9 na Facebooku.<\/td><td>Reklamn\u00ed cookies <a href=\"http:\/\/www.facebook.com\/about\/privacy\/\">Podm\u00ednky slu\u017eby Facebook Ads (Meta)<\/a><\/td><td>&nbsp;<\/td><\/tr><tr><td>Facebook audience (Meta)<\/td><td>Meta Platforms Inc. 1 Meta Way, Menlo Park, California, 94025 Spojen\u00e9 st\u00e1ty americk\u00e9<\/td><td>Slou\u017e\u00ed k c\u00edlen\u00ed reklamy.<\/td><td>Reklamn\u00ed cookies <a href=\"http:\/\/www.facebook.com\/about\/privacy\/\">Podm\u00ednky slu\u017eby Facebook audience (Meta)<\/a><\/td><td>&nbsp;<\/td><\/tr><tr><td>Seznam Sklik<\/td><td>Seznam.cz, a.s. Radlick\u00e1 3294\/10, 150 00 Praha 5 I\u010cO: 26168685<\/td><td>Slou\u017e\u00ed k c\u00edlen\u00ed reklamy.<\/td><td>Reklamn\u00ed cookies <a href=\"https:\/\/o.seznam.cz\/ochrana-udaju\/\">Podm\u00ednky slu\u017eby Seznam Sklik<\/a><\/td><td>&nbsp;<\/td><\/tr><tr><td>X (d\u0159\u00edve Twitter)<\/td><td>X Corp. Market Square, 1355 Market St. suite 900, San Francisco, CA 94103 Spojen\u00e9 st\u00e1ty americk\u00e9<\/td><td>Slou\u017e\u00ed ke sd\u00edlen\u00ed produkt\u016f a Webov\u00fdch str\u00e1nek mezi U\u017eivateli.<\/td><td>Reklamn\u00ed cookies <a href=\"https:\/\/twitter.com\/en\/privacy\">Podm\u00ednky Slu\u017eby X<\/a><\/td><td>&nbsp;<\/td><\/tr><tr><td>X (d\u0159\u00edve Twitter) Ads<\/td><td>X Corp. Market Square, 1355 Market St. suite 900, San Francisco, CA 94103 Spojen\u00e9 st\u00e1ty americk\u00e9<\/td><td>Slou\u017e\u00ed k reklam\u011b zobrazovan\u00e9 na X (d\u0159\u00edve Twitter).<\/td><td>Reklamn\u00ed cookies <a href=\"https:\/\/twitter.com\/en\/privacy\">Podm\u00ednky slu\u017eby X Ads<\/a><\/td><td>&nbsp;<\/td><\/tr><tr><td>Zbozi.cz<\/td><td>Seznam.cz, a.s. Radlick\u00e1 3294\/10, 150 00 Praha 5 I\u010cO: 26168685<\/td><td>Slou\u017e\u00ed k c\u00edlen\u00ed reklamy ve vyhled\u00e1v\u00e1n\u00ed.<\/td><td>Reklamn\u00ed cookies <a href=\"https:\/\/o.seznam.cz\/ochrana-udaju\/\">Podm\u00ednky slu\u017eby Zbozi.cz<\/a><\/td><td>&nbsp;<\/td><\/tr><tr><td>Heureka.cz<\/td><td>Heureka Group a.s. Karolinsk\u00e1 706\/3 186 00 Karl\u00edn I\u010cO: 07822774<\/td><td>Slou\u017e\u00ed k c\u00edlen\u00ed reklamy ve vyhled\u00e1v\u00e1n\u00ed.<\/td><td>Reklamn\u00ed cookies<\/td><td>&nbsp;<\/td><\/tr><tr><td>RTB House<\/td><td>RTB House, s.r.o. Vinohradsk\u00e1 2828\/151, 130 00 Praha 3 I\u010cO: 06868835<\/td><td>Slou\u017e\u00ed k zobrazov\u00e1n\u00ed bannerov\u00e9 reklamy.<\/td><td>Reklamn\u00ed cookies <a href=\"https:\/\/www.rtbhouse.com\/rtbhouse-paperflite-privacy-policy\/\">Podm\u00ednky slu\u017eby RTB House<\/a><\/td><td>&nbsp;<\/td><\/tr><\/tbody><\/table><\/figure><p><strong>Dopl\u0148te dobu ulo\u017een\u00ed soubor\u016f cookies.<\/strong><\/p><p>Jednotliv\u00e9 soubory cookies jsou samoz\u0159ejm\u011b ukl\u00e1d\u00e1ny po odli\u0161nou dobu, nicm\u00e9n\u011b, maxim\u00e1ln\u00ed doba jejich platnosti \u010din\u00ed 2 roky, pop\u0159\u00edpad\u011b jsou ulo\u017eeny do jejich smaz\u00e1n\u00ed ze strany U\u017eivatele.<\/p><p>U nezbytn\u00fdch cookies se doba jejich ulo\u017een\u00ed obvykle pohybuje n\u00e1sledovn\u011b:<\/p><ul class=\"wp-block-list\"><li>do ukon\u010den\u00ed relace U\u017eivatelem (nastaven\u00ed prohl\u00ed\u017een\u00ed webov\u00e9 str\u00e1nky e-shopu),<\/li>\n\n<li>do doby uzav\u0159en\u00ed okna webov\u00e9ho prohl\u00ed\u017ee\u010de U\u017eivatelem (plat\u00ed pro ulo\u017een\u00ed formul\u00e1\u0159e obsahu v elektronick\u00e9m n\u00e1kupn\u00edm ko\u0161\u00edku),<\/li>\n\n<li>48 hodin (prim\u00e1rn\u011b u cookies zaji\u0161\u0165uj\u00edc\u00edch zobrazen\u00ed obsahu elektronick\u00e9ho n\u00e1kupn\u00edho ko\u0161\u00edku),<\/li>\n\n<li>12 m\u011bs\u00edc\u016f (nastaven\u00ed pou\u017e\u00edv\u00e1n\u00ed soubor\u016f cookies) &#8211; jedn\u00e1 se o maxim\u00e1ln\u00ed obvyklou dobu ulo\u017een\u00ed nezbytn\u00fdch soubor\u016f cookies.<\/li><\/ul><p>Pro analytick\u00e9 a reklamn\u00ed soubory cookies plat\u00ed n\u00e1sleduj\u00edc\u00ed obvykl\u00e1 doba jejich ulo\u017een\u00ed:<\/p><ul class=\"wp-block-list\"><li>1 hodina (analytick\u00e9 a statistick\u00e9 \u00fa\u010dely \u2013 plat\u00ed zejm\u00e9na pro Google),<\/li>\n\n<li>24 hodin (rozli\u0161en\u00ed n\u00e1v\u0161t\u011bvn\u00edk\u016f \u2013 plat\u00ed zejm\u00e9na pro Google),<\/li>\n\n<li>14 dn\u00ed (vztahuje se na marketingov\u00e9 c\u00edlen\u00ed kampan\u00ed \u2013 plat\u00ed zejm\u00e9na pro Google),<\/li>\n\n<li>1 m\u011bs\u00edc &#8211; 2 roky (u cookies pro lep\u0161\u00ed c\u00edlen\u00ed kampan\u00ed, rozli\u0161en\u00ed n\u00e1v\u0161t\u011bvn\u00edk\u016f, tracking e-mailov\u00fdch slu\u017eeb, ukl\u00e1d\u00e1n\u00ed za\u0161ifrovan\u00fdch soubor\u016f, apod.).<\/li><\/ul><h2 class=\"wp-block-heading\"><a><\/a><strong>Zpracovatel\u00e9<\/strong><\/h2><p><strong>Sekce IV. Pou\u017e\u00edv\u00e1n\u00ed soubor\u016f cookies bod 4.8. Podm\u00ednek ochrany osobn\u00edch \u00fadaj\u016f<\/strong><\/p><p><strong>Je nutn\u00e9, abyste zjistili, jak\u00e9 v\u0161echny zpracovatele shrom\u00e1\u017ed\u011bn\u00fdch soubor\u016f cookies m\u00e1te, uvedli je a doplnili k nim pot\u0159ebn\u00e9 informace<\/strong> (jak je vyu\u017e\u00edv\u00e1te a jejich \u010dinnost). N\u00ed\u017ee uv\u00e1d\u00edme n\u011bkter\u00e9 zpracovatele, kter\u00e9 m\u016f\u017eete vyu\u017e\u00edvat. Je mo\u017en\u00e9, \u017ee vyu\u017e\u00edv\u00e1te n\u011bkter\u00fdch slu\u017eeb n\u00ed\u017ee, a p\u0159esto technicky nesb\u00edr\u00e1te \/ nesb\u00edraj\u00ed cookies. Rad\u011bji je v seznamu uv\u00e1d\u00edme, proto\u017ee v ur\u010dit\u00e9m technick\u00e9m nastaven\u00ed mohou b\u00fdt v roli zpracovatele shrom\u00e1\u017ed\u011bn\u00fdch soubor\u016f cookies. <strong>Doporu\u010dujeme v\u0161ak konzultaci s odborn\u00edkem na toto t\u00e9ma.<\/strong><\/p><p><strong>Do Podm\u00ednek ochrany osobn\u00edch \u00fadaj\u016f do Sekce IV. Pou\u017e\u00edv\u00e1n\u00ed soubor\u016f cookies bod bod 4.8.<\/strong> m\u016f\u017eete uv\u00e9st nap\u0159.:<\/p><ul class=\"wp-block-list\"><li>Google Ireland Limited\u2013 Prod\u00e1vaj\u00edc\u00ed vyu\u017e\u00edv\u00e1 bal\u00edk aplikac\u00ed Google Suite Apps pro e-maily a kancel\u00e1\u0159sk\u00fd bal\u00edk,<\/li>\n\n<li>Webhosting\u2013 Prod\u00e1vaj\u00edc\u00ed je opr\u00e1vn\u011bn ulo\u017eit data z popt\u00e1vkov\u00e9ho formul\u00e1\u0159e na server, za \u00fa\u010delem mo\u017en\u00e9ho \u0159e\u0161en\u00ed probl\u00e9m\u016f (nap\u0159. s po\u0161tovn\u00edm serverem nebo roboty),<\/li>\n\n<li>SimpleShop \/ FAPI slou\u017e\u00ed pro \u0159e\u0161en\u00ed objedn\u00e1vek, fakturace a plateb online,<\/li>\n\n<li>ComGate \/ GoPay \/ ThePay \/ Stripe \/ Pay-U &#8211; slou\u017e\u00ed jako platebn\u00ed br\u00e1na pro platby online,<\/li>\n\n<li><a>E-mailov\u00fd syst\u00e9m pro rozes\u00edlku<\/a><a href=\"#_msocom_4\">[A4]<\/a>\u00a0 \u2013 slou\u017e\u00ed pro hromadn\u00e9 zas\u00edl\u00e1n\u00ed e-mail\u016f a newsletter\u016f,<\/li>\n\n<li>dal\u0161\u00ed poskytovatel\u00e9 zpracovatelsk\u00fdch softwar\u016f, slu\u017eeb a aplikac\u00ed, kter\u00e9 v\u0161ak v sou\u010dasn\u00e9 dob\u011b Prod\u00e1vaj\u00edc\u00ed nevyu\u017e\u00edv\u00e1.<\/li><\/ul><hr class=\"wp-block-separator has-alpha-channel-opacity\"\/><p><a id=\"_msocom_1\"><\/a><\/p><p>&nbsp;<a href=\"#_msoanchor_1\">[A1]<\/a>Pro \u00faplnost a spr\u00e1vnost je t\u0159eba do tabulky ke ka\u017ed\u00e9mu souboru cookies uv\u00e9st t\u00e9\u017e dobu expirace, tj. po jakou dobu bude ulo\u017een.&nbsp;<\/p><p>N\u00ed\u017ee uv\u00e1d\u00edme souhrnn\u00e9 informace doporu\u010duj\u00edc\u00edho charakteru, kter\u00e9 se t\u00fdkaj\u00ed obvykl\u00e9 doby ulo\u017een\u00ed soubor\u016f cookies.<\/p><p><a id=\"_msocom_2\"><\/a><\/p><p>&nbsp;<a href=\"#_msoanchor_2\">[A2]<\/a>Pro \u00faplnost a spr\u00e1vnost je t\u0159eba do tabulky ke ka\u017ed\u00e9mu souboru cookies uv\u00e9st t\u00e9\u017e dobu expirace, tj. po jakou dobu bude ulo\u017een.&nbsp;<\/p><p>N\u00ed\u017ee uv\u00e1d\u00edme souhrnn\u00e9 informace doporu\u010duj\u00edc\u00edho charakteru, kter\u00e9 se t\u00fdkaj\u00ed obvykl\u00e9 doby ulo\u017een\u00ed soubor\u016f cookies.<\/p><p><a id=\"_msocom_3\"><\/a><\/p><p>&nbsp;<a href=\"#_msoanchor_3\">[A3]<\/a>Pro \u00faplnost a spr\u00e1vnost je t\u0159eba do tabulky ke ka\u017ed\u00e9mu souboru cookies uv\u00e9st t\u00e9\u017e dobu expirace, tj. po jakou dobu bude ulo\u017een.<\/p><p>N\u00ed\u017ee uv\u00e1d\u00edme souhrnn\u00e9 informace doporu\u010duj\u00edc\u00edho charakteru, kter\u00e9 se t\u00fdkaj\u00ed obvykl\u00e9 doby ulo\u017een\u00ed soubor\u016f cookies.<\/p><p><a id=\"_msocom_4\"><\/a><\/p><p>&nbsp;<a href=\"#_msoanchor_4\">[A4]<\/a>E-mailov\u00fd syst\u00e9m pro rozes\u00edlku, kter\u00fd pou\u017e\u00edv\u00e1te. Nahra\u010fte za nap\u0159. Ecomail, SmartEmailing, Mailchimp, atp.<\/p>","protected":false},"excerpt":{"rendered":"<p>PODM\u00cdNKY OCHRANY OSOBN\u00cdCH \u00daDAJ\u016e INFORMA\u010cN\u00cd DOKUMENT V tomto dokumentu uv\u00e1d\u00edme (1) p\u0159\u00edklady soubor\u016f cookies, kter\u00e9 m\u016f\u017eete vyu\u017e\u00edvat na sv\u00e9m Webov\u00e9m port\u00e1lu a (2) p\u0159\u00edklady zpracovatel\u016f shrom\u00e1\u017ed\u011bn\u00fdch soubor\u016f cookies. Jedn\u00e1 se o v\u00fd\u010det nej\u010dast\u011bji pou\u017e\u00edvan\u00fdch. Pozor, nejedn\u00e1 se o kompletn\u00ed v\u00fd\u010det v\u0161ech mo\u017en\u00fdch cookies a zpracovatel\u016f. Jedn\u00e1 se pouze o informa\u010dn\u00ed a vzorov\u00fd dokument. Nejedn\u00e1 se [&hellip;]<\/p>\n","protected":false},"author":1,"featured_media":0,"parent":0,"menu_order":0,"comment_status":"closed","ping_status":"closed","template":"","meta":{"inline_featured_image":false,"footnotes":""},"class_list":["post-3","page","type-page","status-publish","hentry"],"_links":{"self":[{"href":"https:\/\/grandline.200.solutions\/index.php?rest_route=\/wp\/v2\/pages\/3","targetHints":{"allow":["GET"]}}],"collection":[{"href":"https:\/\/grandline.200.solutions\/index.php?rest_route=\/wp\/v2\/pages"}],"about":[{"href":"https:\/\/grandline.200.solutions\/index.php?rest_route=\/wp\/v2\/types\/page"}],"author":[{"embeddable":true,"href":"https:\/\/grandline.200.solutions\/index.php?rest_route=\/wp\/v2\/users\/1"}],"replies":[{"embeddable":true,"href":"https:\/\/grandline.200.solutions\/index.php?rest_route=%2Fwp%2Fv2%2Fcomments&post=3"}],"version-history":[{"count":2,"href":"https:\/\/grandline.200.solutions\/index.php?rest_route=\/wp\/v2\/pages\/3\/revisions"}],"predecessor-version":[{"id":2902,"href":"https:\/\/grandline.200.solutions\/index.php?rest_route=\/wp\/v2\/pages\/3\/revisions\/2902"}],"wp:attachment":[{"href":"https:\/\/grandline.200.solutions\/index.php?rest_route=%2Fwp%2Fv2%2Fmedia&parent=3"}],"curies":[{"name":"wp","href":"https:\/\/api.w.org\/{rel}","templated":true}]}}