{"id":19,"date":"2024-10-16T22:12:42","date_gmt":"2024-10-16T20:12:42","guid":{"rendered":"https:\/\/grandline.200.solutions\/subdomains\/grandline\/?page_id=19"},"modified":"2024-11-15T13:03:01","modified_gmt":"2024-11-15T12:03:01","slug":"reklamace","status":"publish","type":"page","link":"https:\/\/grandline.200.solutions\/?page_id=19","title":{"rendered":"Reklamace a vr\u00e1cen\u00ed zbo\u017e\u00ed"},"content":{"rendered":"<h2 class=\"wp-block-heading\">Reklamace a vr\u00e1cen\u00ed zbo\u017e\u00ed<\/h2><div class=\"wp-block-file\"><a id=\"wp-block-file--media-9e20f0a7-dba4-49a4-8f74-6a27f6355001\" href=\"https:\/\/grandline.200.solutions\/wp-content\/uploads\/2024\/11\/formular-pro-uplatneni-reklamace.docx\">Formul\u00e1\u0159 pro uplatn\u011bn\u00ed reklamace<\/a><a href=\"https:\/\/grandline.200.solutions\/wp-content\/uploads\/2024\/11\/formular-pro-uplatneni-reklamace.docx\" class=\"wp-block-file__button wp-element-button\" download aria-describedby=\"wp-block-file--media-9e20f0a7-dba4-49a4-8f74-6a27f6355001\">St\u00e1hnout<\/a><\/div><div class=\"wp-block-file\"><a id=\"wp-block-file--media-2fb092eb-23ef-4799-a715-62bf015b4faf\" href=\"https:\/\/grandline.200.solutions\/wp-content\/uploads\/2024\/11\/formular-pro-odstoupeni-od-smlouvy.docx\">Formul\u00e1\u0159 pro odstoupen\u00ed od kupn\u00ed smlouvy<\/a><a href=\"https:\/\/grandline.200.solutions\/wp-content\/uploads\/2024\/11\/formular-pro-odstoupeni-od-smlouvy.docx\" class=\"wp-block-file__button wp-element-button\" download aria-describedby=\"wp-block-file--media-2fb092eb-23ef-4799-a715-62bf015b4faf\">St\u00e1hnout<\/a><\/div><p>Prod\u00e1vaj\u00edc\u00ed:<\/p><p>N\u00e1zev: Mugiwara s.r.o.<\/p><p>I\u010cO: 21790558<\/p><p>DI\u010c: CZ21790558<\/p><p><a>Adresa<\/a><a href=\"#_msocom_1\">[A1]<\/a>&nbsp;: Na Folimance 2155\/15, Praha 2, 12000<\/p><p>zaps\u00e1na v obchodn\u00edm rejst\u0159\u00edku veden\u00e9m u M\u011bstsk\u00e9ho soudu v Praze, odd\u00edl C, vlo\u017eka 406522<\/p><p>Kontaktn\u00ed \u00fadaje:<\/p><p>Adresa provozovny: Radlick\u00e1 2368\/108, Praha 5, 150 00<\/p><p>Telefon: \u2026\u2026\u2026\u2026\u2026\u2026\u2026\u2026\u2026\u2026\u2026\u2026\u2026\u2026\u2026\u2026\u2026\u2026\u2026\u2026\u2026\u2026\u2026\u2026\u2026\u2026\u2026\u2026\u2026\u2026&#8230;.\u2026\u2026\u2026\u2026\u2026\u2026<\/p><p>E-mail: podpora@grandline.cz<\/p><p>Webov\u00fd port\u00e1l: <a href=\"http:\/\/www.grandline.cz\">www.grandline.cz<\/a><\/p><p>jako prodejce Zbo\u017e\u00ed na e-shopu (d\u00e1le jen <em>\u201c<strong>Prod\u00e1vaj\u00edc\u00ed<\/strong>\u201d<\/em>)<\/p><p><strong>Tento Reklama\u010dn\u00ed \u0159\u00e1d upravuje zp\u016fsob uplatn\u011bn\u00ed pr\u00e1v z vadn\u00e9ho pln\u011bn\u00ed ze strany Kupuj\u00edc\u00edho v\u016f\u010di Prod\u00e1vaj\u00edc\u00edmu, kter\u00e1 mu vznikla na z\u00e1klad\u011b kupn\u00ed smlouvy (d\u00e1le jen <em>\u201cSmlouva\u201d<\/em>) uzav\u0159en\u00e9 mezi Prod\u00e1vaj\u00edc\u00edm a Kupuj\u00edc\u00edm v d\u016fsledku objedn\u00e1vky Zbo\u017e\u00ed prost\u0159ednictv\u00edm e-shopu (d\u00e1le jen \u201cWebov\u00fd port\u00e1l\u201d) Prod\u00e1vaj\u00edc\u00edho.<\/strong><\/p><ol start=\"1\" style=\"list-style-type:upper-roman\" class=\"wp-block-list\"><li><strong>\u00davodn\u00ed ustanoven\u00ed<\/strong><\/li><\/ol><p>1.1. Reklama\u010dn\u00ed \u0159\u00e1d tvo\u0159\u00ed ned\u00edlnou sou\u010d\u00e1st V\u0161eobecn\u00fdch obchodn\u00edch podm\u00ednek (d\u00e1le jen <strong><em>\u201cObchodn\u00ed podm\u00ednky\u201d<\/em><\/strong>) Prod\u00e1vaj\u00edc\u00edho. Kupuj\u00edc\u00ed je povinen se p\u0159ed objedn\u00e1n\u00edm Zbo\u017e\u00ed sezn\u00e1mit s Obchodn\u00edmi podm\u00ednkami Prod\u00e1vaj\u00edc\u00edho, v\u010detn\u011b Reklama\u010dn\u00edho \u0159\u00e1du. Za\u0161krtnut\u00edm souhlasu p\u0159ed odesl\u00e1n\u00edm Objedn\u00e1vky vyjad\u0159uje Kupuj\u00edc\u00ed souhlas s \u00fa\u010dinn\u00fdmi Obchodn\u00edmi podm\u00ednkami a Reklama\u010dn\u00edm \u0159\u00e1dem.<\/p><p>1.2. Term\u00edny, kter\u00e9 jsou v Reklama\u010dn\u00edm \u0159\u00e1du uvedeny s velk\u00fdm po\u010d\u00e1te\u010dn\u00edm p\u00edsmenem, obsahuj\u00ed v\u00fdznam definovan\u00fd v tomto dokumentu. Jestli\u017ee nejsou term\u00edny v Reklama\u010dn\u00edm \u0159\u00e1du definov\u00e1ny, obsahuj\u00ed toto\u017en\u00fd v\u00fdznam jako v Obchodn\u00edch podm\u00ednk\u00e1ch, pop\u0159\u00edpad\u011b Smlouv\u011b.<\/p><p>1.3. Pr\u00e1va a povinnosti obsa\u017een\u00e1 v Reklama\u010dn\u00edm \u0159\u00e1du se \u0159\u00edd\u00ed p\u0159\u00edslu\u0161n\u00fdmi obecn\u011b z\u00e1vazn\u00fdmi pr\u00e1vn\u00edmi p\u0159edpisy, zejm\u00e9na ustanoven\u00edmi \u00a7 2099 a\u017e 2117 a \u00a7 2161 a\u017e 2174b z\u00e1kona \u010d. 89\/2012 Sb., ob\u010dansk\u00fd z\u00e1kon\u00edk, ve zn\u011bn\u00ed pozd\u011bj\u0161\u00edch p\u0159edpis\u016f a z\u00e1konem \u010d. 634\/1992 Sb., o ochran\u011b spot\u0159ebitele, ve zn\u011bn\u00ed pozd\u011bj\u0161\u00edch p\u0159edpis\u016f.<\/p><ol start=\"2\" style=\"list-style-type:upper-roman\" class=\"wp-block-list\"><li><strong>Z\u00e1ruka za jakost<\/strong><\/li><\/ol><p>2.1. Prod\u00e1vaj\u00edc\u00ed odpov\u00edd\u00e1 Kupuj\u00edc\u00edmu za jakost Zbo\u017e\u00ed, tj. \u017ee Zbo\u017e\u00ed nem\u00e1 \u017e\u00e1dn\u00e9 vady, do okam\u017eiku p\u0159echodu nebezpe\u010d\u00ed \u0161kody, neboli okam\u017eiku p\u0159evzet\u00ed Zbo\u017e\u00ed, \u010di okam\u017eiku mo\u017en\u00e9ho p\u0159evzet\u00ed Zbo\u017e\u00ed.<\/p><p>2.2. Prod\u00e1vaj\u00edc\u00ed odpov\u00edd\u00e1 Kupuj\u00edc\u00edmu zejm\u00e9na za to, \u017ee Zbo\u017e\u00ed odpov\u00edd\u00e1:<\/p><ul class=\"wp-block-list\"><li>popisu,<\/li>\n\n<li>druhu,<\/li>\n\n<li>mno\u017estv\u00ed,<\/li>\n\n<li>jakosti,<\/li>\n\n<li>funk\u010dnosti,<\/li>\n\n<li>kompatibilit\u011b,<\/li>\n\n<li>interoperabilit\u011b,<\/li>\n\n<li>a jin\u00fdm mezi smluvn\u00edmi stranami ujednan\u00fdm vlastnostem,<\/li>\n\n<li>je vhodn\u00e9 ke spln\u011bn\u00ed \u00fa\u010delu, k n\u011bmu\u017e jeho koupi Kupuj\u00edc\u00ed zam\u00fd\u0161lel a s n\u00edm\u017e je Prod\u00e1vaj\u00edc\u00ed obezn\u00e1men,<\/li>\n\n<li>jej Kupuj\u00edc\u00ed obdr\u017e\u00ed s p\u0159\u00edpadn\u00fdm p\u0159\u00edslu\u0161enstv\u00edm, v\u010detn\u011b n\u00e1vodu k pou\u017eit\u00ed, tj. mont\u00e1\u017ei nebo instalaci.<\/li><\/ul><p>2.3. D\u00e1le Prod\u00e1vaj\u00edc\u00ed Kupuj\u00edc\u00edmu odpov\u00edd\u00e1 za to, \u017ee Zbo\u017e\u00ed:<\/p><ul class=\"wp-block-list\"><li>je vhodn\u00e9 ke spln\u011bn\u00ed \u00fa\u010delu, k n\u011bmu\u017e se Zbo\u017e\u00ed dan\u00e9ho druhu obvykle u\u017e\u00edv\u00e1,<\/li>\n\n<li>mno\u017estv\u00edm, jakost\u00ed a dal\u0161\u00edmi vlastnostmi, v\u010detn\u011b \u017eivotnosti, funk\u010dnosti, kompatibility, interoperability a bezpe\u010dnosti, odpov\u00edd\u00e1 obvykl\u00fdm vlastnostem Zbo\u017e\u00ed dan\u00e9ho druhu, kter\u00e9 m\u016f\u017ee Kupuj\u00edc\u00ed rozumn\u011b o\u010dek\u00e1vat, t\u00e9\u017e s ohledem na ve\u0159ejn\u00e1 prohl\u00e1\u0161en\u00ed u\u010din\u011bn\u00e1 Prod\u00e1vaj\u00edc\u00edm, zejm\u00e9na prost\u0159ednictv\u00edm reklamy nebo ozna\u010den\u00ed,<\/li>\n\n<li>je Kupuj\u00edc\u00edmu dod\u00e1no s p\u0159\u00edslu\u0161enstv\u00edm, v\u010detn\u011b obalu, n\u00e1vodu k mont\u00e1\u017ei nebo instalaci a jin\u00fdmi pokyny k pou\u017eit\u00ed, kter\u00e9 m\u016f\u017ee Kupuj\u00edc\u00ed rozumn\u011b o\u010dek\u00e1vat,<\/li>\n\n<li>odpov\u00edd\u00e1 jakost\u00ed nebo proveden\u00edm vzorku nebo p\u0159edloze, kter\u00e9 byly Kupuj\u00edc\u00edmu poskytnuty p\u0159ed uzav\u0159en\u00edm smlouvy.<\/li><\/ul><p>2.4. K v\u00fdrok\u016fm, kter\u00e9 jsou uvedeny v p\u0159edchoz\u00edm odstavci, nebude p\u0159ihl\u00e9dnuto, pakli\u017ee Prod\u00e1vaj\u00edc\u00ed Kupuj\u00edc\u00edho upozornil, \u017ee se n\u011bkter\u00e9 vlastnosti Zbo\u017e\u00ed li\u0161\u00ed a Kupuj\u00edc\u00ed s t\u00edm p\u0159ed uzav\u0159en\u00edm Smlouvy vyj\u00e1d\u0159il souhlas.<\/p><p>2.5. Prod\u00e1vaj\u00edc\u00ed ke Zbo\u017e\u00ed poskytuje doklad o jeho zakoupen\u00ed, tj. fakturu, kter\u00e1 z\u00e1rove\u0148 slou\u017e\u00ed jako doklad o z\u00e1ruce. Obsahuje ve\u0161ker\u00e9 z\u00e1konem po\u017eadovan\u00e9 \u00fadaje, kter\u00e9 jsou nezbytn\u00e9 pro uplatn\u011bn\u00ed pr\u00e1v ze z\u00e1ruky vypl\u00fdvaj\u00edc\u00edch, zejm\u00e9na n\u00e1zev Zbo\u017e\u00ed, cenu, mno\u017estv\u00ed, s\u00e9riov\u00e9 \u010d\u00edslo a d\u00e9lku z\u00e1ruky.<\/p><p>2.6. Prod\u00e1vaj\u00edc\u00ed poskytne Kupuj\u00edc\u00edmu na jeho \u017e\u00e1dost t\u00e9\u017e z\u00e1ru\u010dn\u00ed list. Prod\u00e1vaj\u00edc\u00ed v z\u00e1ru\u010dn\u00edm listu uvede obsah poskytovan\u00e9 z\u00e1ruky, v\u010detn\u011b jej\u00edho rozsahu, podm\u00ednek a zp\u016fsobu uplatn\u011bn\u00ed pr\u00e1v z n\u00ed vypl\u00fdvaj\u00edc\u00edch a d\u00e9lku z\u00e1ruky. Poskytnut\u00edm z\u00e1ruky nejsou dot\u010dena pr\u00e1va Kupuj\u00edc\u00edho, kter\u00e1 se v\u00e1\u017e\u00ed ke koupi Zbo\u017e\u00ed.<\/p><ol start=\"3\" style=\"list-style-type:upper-roman\" class=\"wp-block-list\"><li><strong>Pr\u00e1va z vadn\u00e9ho pln\u011bn\u00ed<\/strong><\/li><\/ol><p>3.1. Kupuj\u00edc\u00ed je opr\u00e1vn\u011bn uplatnit pr\u00e1va z vadn\u00e9ho pln\u011bn\u00ed (d\u00e1le jen <strong><em>\u201cReklamace\u201d<\/em><\/strong>) v p\u0159\u00edpad\u011b, \u017ee m\u00e1 Zbo\u017e\u00ed vadu, neboli nespl\u0148uje n\u011bkterou z podm\u00ednek uveden\u00fdch v p\u0159edchoz\u00ed sekci.<\/p><p>3.2. Kupuj\u00edc\u00ed tak m\u016f\u017ee u\u010dinit prost\u0159ednictv\u00edm e-mailu <a href=\"mailto:podpora@grandline.cz\">podpora@grandline.cz<\/a> , dopisu \u010di osobn\u011b na adrese provozovny Prod\u00e1vaj\u00edc\u00edho Radlick\u00e1 2368\/15.<\/p><p>3.3. Kupuj\u00edc\u00ed je povinen p\u0159i uplatn\u011bn\u00ed Reklamace zvolit, jak\u00fdm zp\u016fsobem m\u00e1 b\u00fdt Reklamace \u0159e\u0161ena, p\u0159i\u010dem\u017e ji\u017e u\u010din\u011bn\u00e1 volba je z\u00e1vazn\u00e1 a nem\u016f\u017ee b\u00fdt bez souhlasu Prod\u00e1vaj\u00edc\u00edho m\u011bn\u011bna. Reklamace bude Prod\u00e1vaj\u00edc\u00edm n\u00e1sledn\u011b \u0159e\u0161ena v souladu s Kupuj\u00edc\u00edm zvolen\u00fdm zp\u016fsobem.<\/p><p>3.4. Jestli\u017ee m\u00e1 Zbo\u017e\u00ed vadu, m\u00e1 Kupuj\u00edc\u00ed pr\u00e1vo na:<\/p><ul class=\"wp-block-list\"><li>odstran\u011bn\u00ed vady dod\u00e1n\u00edm nov\u00e9ho Zbo\u017e\u00ed bez vady, nebo dod\u00e1n\u00edm chyb\u011bj\u00edc\u00ed \u010d\u00e1sti Zbo\u017e\u00ed,<\/li>\n\n<li>odstran\u011bn\u00ed vady opravou Zbo\u017e\u00ed,<\/li>\n\n<li>p\u0159im\u011b\u0159enou slevu z kupn\u00ed ceny Zbo\u017e\u00ed,<\/li>\n\n<li>odstoupen\u00ed od Smlouvy.<\/li><\/ul><p>3.5. Zm\u011bna zp\u016fsobu \u0159e\u0161en\u00ed Reklamace je mo\u017en\u00e1 v p\u0159\u00edpad\u011b, \u017ee Kupuj\u00edc\u00ed po\u017eadoval odstran\u011bn\u00ed vady opravou Zbo\u017e\u00ed, kter\u00e1 se uk\u00e1\u017ee b\u00fdt neodstranitelnou.<\/p><p>3.6. Prod\u00e1vaj\u00edc\u00ed je opr\u00e1vn\u011bn odm\u00edtnout odstran\u011bn\u00ed vady opravou Zbo\u017e\u00ed, pokud se vada uk\u00e1\u017ee b\u00fdt neopravitelnou nebo by jej\u00ed odstran\u011bn\u00ed bylo nep\u0159im\u011b\u0159en\u011b n\u00e1kladn\u00e9, zejm\u00e9na s ohledem na v\u00fdznam vady a hodnotu, kterou by Zbo\u017e\u00ed m\u011blo bez vady.<\/p><p>3.7. Na odstoupen\u00ed od Smlouvy \u010di p\u0159im\u011b\u0159enou slevu z kupn\u00ed ceny m\u00e1 Kupuj\u00edc\u00ed pr\u00e1vo, pakli\u017ee:<\/p><ul class=\"wp-block-list\"><li>Prod\u00e1vaj\u00edc\u00ed odm\u00edtne odstranit vadu opravou Zbo\u017e\u00ed,<\/li>\n\n<li>se toto\u017en\u00e1 vada Zbo\u017e\u00ed objev\u00ed opakovan\u011b,<\/li>\n\n<li>vada p\u0159edstavuje podstatn\u00e9 poru\u0161en\u00ed Smlouvy,<\/li>\n\n<li>Prod\u00e1vaj\u00edc\u00ed neodstranil vadu opravou Zbo\u017e\u00ed v p\u0159im\u011b\u0159en\u00e9 lh\u016ft\u011b.<\/li><\/ul><p>3.8. Kupuj\u00edc\u00ed nen\u00ed opr\u00e1vn\u011bn odstoupit od Smlouvy v p\u0159\u00edpad\u011b, \u017ee je vada Zbo\u017e\u00ed nev\u00fdznamn\u00e1.<\/p><p>3.9. Kupuj\u00edc\u00ed nen\u00ed opr\u00e1vn\u011bn uplatnit Reklamaci Zbo\u017e\u00ed, jestli\u017ee vadu Zbo\u017e\u00ed zp\u016fsobil sv\u00fdm zavin\u011bn\u00edm \u010di o vad\u011b Zbo\u017e\u00ed v\u011bd\u011bl p\u0159i jeho p\u0159evzet\u00ed.<\/p><p>3.10. Reklamaci nelze uplatnit ani u vady Zbo\u017e\u00ed, kter\u00e9 bylo prod\u00e1no za ni\u017e\u0161\u00ed kupn\u00ed cenu z d\u016fvodu t\u00e9to vady Zbo\u017e\u00ed.<\/p><p>3.11. Za vadu Zbo\u017e\u00ed nelze pova\u017eovat opot\u0159eben\u00ed Zbo\u017e\u00ed vznikl\u00e9 v d\u016fsledku jeho obvykl\u00e9ho u\u017e\u00edv\u00e1n\u00ed, pop\u0159\u00edpad\u011b opot\u0159eben\u00ed odpov\u00eddaj\u00edc\u00ed m\u00ed\u0159e p\u0159edchoz\u00edho pou\u017e\u00edv\u00e1n\u00ed ji\u017e pou\u017eit\u00e9ho Zbo\u017e\u00ed.<\/p><p>3.12. N\u00e1rok na uplatn\u011bn\u00ed Reklamace zanik\u00e1, jestli\u017ee vada Zbo\u017e\u00ed byla zp\u016fsobena neodbornou mont\u00e1\u017e\u00ed \u010di instalac\u00ed Zbo\u017e\u00ed, stejn\u011b jako v p\u0159\u00edpad\u011b neodborn\u00e9ho zach\u00e1zen\u00ed se Zbo\u017e\u00edm.<\/p><ol start=\"4\" style=\"list-style-type:upper-roman\" class=\"wp-block-list\"><li><strong>Uplatn\u011bn\u00ed Reklamace<\/strong><\/li><\/ol><p>4.1. V p\u0159\u00edpad\u011b, \u017ee Reklamaci uplat\u0148uje spot\u0159ebitel, je opr\u00e1vn\u011bn tak u\u010dinit do 2 let od p\u0159evzet\u00ed Zbo\u017e\u00ed.<\/p><p>4.2. Pokud se vada projev\u00ed do 1 roku od p\u0159evzet\u00ed Zbo\u017e\u00ed, m\u00e1 se za to, \u017ee Zbo\u017e\u00ed bylo vadn\u00e9 ji\u017e v okam\u017eiku p\u0159evzet\u00ed.<\/p><p>4.3. Doba uveden\u00e1 v&nbsp;bodech 4.1. a 4.2. neb\u011b\u017e\u00ed po dobu, b\u011bhem n\u00ed\u017e Kupuj\u00edc\u00ed nem\u016f\u017ee Zbo\u017e\u00ed u\u017e\u00edvat, a to za podm\u00ednky, \u017ee Reklamace byla opr\u00e1vn\u011bn\u00e1.<\/p><p>4.4.&nbsp; V p\u0159\u00edpad\u011b, \u017ee Reklamaci uplat\u0148uje podnikatel, je povinen ozn\u00e1mit a vytknout vadu Zbo\u017e\u00ed bez zbyte\u010dn\u00e9ho odkladu pot\u00e9, co ji m\u011bl a mohl zjistit, nejpozd\u011bji v\u0161ak do t\u0159\u00ed dn\u016f od p\u0159evzet\u00ed Zbo\u017e\u00ed.<\/p><p>4.5. Vzor pro uplatn\u011bn\u00ed Reklamace pod n\u00e1zvem \u201cFormul\u00e1\u0159 pro uplatn\u011bn\u00ed reklamace ze smlouvy o koupi zbo\u017e\u00ed\u201d se nach\u00e1z\u00ed na webov\u00e9m port\u00e1lu Prod\u00e1vaj\u00edc\u00edho <a>\u2026\u2026\u2026\u2026\u2026\u2026\u2026\u2026\u2026\u2026\u2026.<\/a><a href=\"#_msocom_2\">[A2]<\/a>&nbsp;.<\/p><p>4.6. P\u0159i uplatn\u011bn\u00ed Reklamace bude Kupuj\u00edc\u00edmu ze strany Prod\u00e1vaj\u00edc\u00edho vystaveno p\u00edsemn\u00e9 potvrzen\u00ed obsahuj\u00edc\u00ed:<\/p><ul class=\"wp-block-list\"><li>datum uplatn\u011bn\u00ed Reklamace,<\/li>\n\n<li>obsah Reklamace \u2013 specifikaci Zbo\u017e\u00ed, v\u010detn\u011b popisu vady,<\/li>\n\n<li>zp\u016fsob \u0159e\u0161en\u00ed Reklamace, kter\u00fd je Kupuj\u00edc\u00edm po\u017eadov\u00e1n,<\/li>\n\n<li>kontaktn\u00ed \u00fadaje Kupuj\u00edc\u00edho za \u00fa\u010delem poskytnut\u00ed informace o vy\u0159\u00edzen\u00ed Reklamace ze strany Prod\u00e1vaj\u00edc\u00edho.<\/li><\/ul><p>4.7. Prod\u00e1vaj\u00edc\u00ed nese n\u00e1klady spojen\u00e9 s&nbsp;p\u0159evzet\u00edm v\u011bci za \u00fa\u010delem odstran\u011bn\u00ed vady.<\/p><p>4.8. Lh\u016fta pro odstran\u011bn\u00ed vady opravou Zbo\u017e\u00ed \u010din\u00ed 30 dn\u016f ode dne uplatn\u011bn\u00ed Reklamace, nedohodnou-li se smluvn\u00ed strany jinak. B\u011bh lh\u016fty je p\u0159eru\u0161en, pokud Prod\u00e1vaj\u00edc\u00ed neobdr\u017eel ve\u0161ker\u00e9 podklady pot\u0159ebn\u00e9 pro \u0159e\u0161en\u00ed Reklamace, a to a\u017e doby jejich obdr\u017een\u00ed ze strany Kupuj\u00edc\u00edho.<\/p><p>4.9. O vy\u0159\u00edzen\u00ed reklamace bude Kupuj\u00edc\u00ed informov\u00e1n ze strany Prod\u00e1vaj\u00edc\u00edho prost\u0159ednictv\u00edm uveden\u00e9 e-mailov\u00e9 adresy \u010di telefonn\u00edho \u010d\u00edsla. Prod\u00e1vaj\u00edc\u00ed n\u00e1sledn\u011b vystav\u00ed Kupuj\u00edc\u00edmu potvrzen\u00ed o datu a zp\u016fsobu \u0159e\u0161en\u00ed Reklamace. D\u00e1le Prod\u00e1vaj\u00edc\u00ed Kupuj\u00edc\u00edho vyzve v p\u0159\u00edpad\u011b \u0159e\u0161en\u00ed Reklamace odstran\u011bn\u00edm vady Zbo\u017e\u00ed opravou k p\u0159evzet\u00ed Zbo\u017e\u00ed.<\/p><ol start=\"5\" style=\"list-style-type:upper-roman\" class=\"wp-block-list\"><li><strong>Z\u00e1v\u011bre\u010dn\u00e1 ustanoven\u00ed<\/strong><\/li><\/ol><p>5.1. Vytvo\u0159en\u00edm a odesl\u00e1n\u00edm Objedn\u00e1vky t\u00fdkaj\u00edc\u00ed se koup\u011b Zbo\u017e\u00ed Z\u00e1kazn\u00edk potvrzuje, \u017ee se sezn\u00e1mil s Reklama\u010dn\u00edm \u0159\u00e1dem, a \u017ee s n\u00edm prost\u0159ednictv\u00edm webov\u00e9ho formul\u00e1\u0159e vyjad\u0159uje souhlas v pln\u00e9m rozsahu.<\/p><p>5.2. Prod\u00e1vaj\u00edc\u00ed je opr\u00e1vn\u011bn Reklama\u010dn\u00ed \u0159\u00e1d m\u011bnit. Nov\u00fd Reklama\u010dn\u00ed \u0159\u00e1d zve\u0159ejn\u00ed na sv\u00e9m Webov\u00e9m port\u00e1lu.<\/p><p>Tento Reklama\u010dn\u00ed \u0159\u00e1d nab\u00fdv\u00e1 \u00fa\u010dinnosti ode dne 15.11.2024<\/p><hr class=\"wp-block-separator has-alpha-channel-opacity\"\/><p><a id=\"_msocom_1\"><\/a><\/p><p>&nbsp;<a href=\"#_msoanchor_1\">[A1]<\/a>Adresa plat\u00ed pro podnikaj\u00edc\u00ed fyzickou osobu, v p\u0159\u00edpad\u011b pr\u00e1vnick\u00e9 osoby dopl\u0148te &#8222;S\u00eddlo&#8220;.<\/p><p><a id=\"_msocom_2\"><\/a><\/p><p>&nbsp;<a href=\"#_msoanchor_2\">[A2]<\/a>Dopl\u0148te odkaz na &#8222;Formul\u00e1\u0159 pro uplatn\u011bn\u00ed reklamace&#8220;.<\/p>","protected":false},"excerpt":{"rendered":"<p>Reklamace a vr\u00e1cen\u00ed zbo\u017e\u00ed Prod\u00e1vaj\u00edc\u00ed: N\u00e1zev: Mugiwara s.r.o. I\u010cO: 21790558 DI\u010c: CZ21790558 Adresa[A1]&nbsp;: Na Folimance 2155\/15, Praha 2, 12000 zaps\u00e1na v obchodn\u00edm rejst\u0159\u00edku veden\u00e9m u M\u011bstsk\u00e9ho soudu v Praze, odd\u00edl C, vlo\u017eka 406522 Kontaktn\u00ed \u00fadaje: Adresa provozovny: Radlick\u00e1 2368\/108, Praha 5, 150 00 Telefon: \u2026\u2026\u2026\u2026\u2026\u2026\u2026\u2026\u2026\u2026\u2026\u2026\u2026\u2026\u2026\u2026\u2026\u2026\u2026\u2026\u2026\u2026\u2026\u2026\u2026\u2026\u2026\u2026\u2026\u2026&#8230;.\u2026\u2026\u2026\u2026\u2026\u2026 E-mail: podpora@grandline.cz Webov\u00fd port\u00e1l: www.grandline.cz jako prodejce Zbo\u017e\u00ed na e-shopu [&hellip;]<\/p>\n","protected":false},"author":1,"featured_media":0,"parent":0,"menu_order":0,"comment_status":"closed","ping_status":"closed","template":"","meta":{"inline_featured_image":false,"footnotes":""},"class_list":["post-19","page","type-page","status-publish","hentry"],"_links":{"self":[{"href":"https:\/\/grandline.200.solutions\/index.php?rest_route=\/wp\/v2\/pages\/19","targetHints":{"allow":["GET"]}}],"collection":[{"href":"https:\/\/grandline.200.solutions\/index.php?rest_route=\/wp\/v2\/pages"}],"about":[{"href":"https:\/\/grandline.200.solutions\/index.php?rest_route=\/wp\/v2\/types\/page"}],"author":[{"embeddable":true,"href":"https:\/\/grandline.200.solutions\/index.php?rest_route=\/wp\/v2\/users\/1"}],"replies":[{"embeddable":true,"href":"https:\/\/grandline.200.solutions\/index.php?rest_route=%2Fwp%2Fv2%2Fcomments&post=19"}],"version-history":[{"count":5,"href":"https:\/\/grandline.200.solutions\/index.php?rest_route=\/wp\/v2\/pages\/19\/revisions"}],"predecessor-version":[{"id":2906,"href":"https:\/\/grandline.200.solutions\/index.php?rest_route=\/wp\/v2\/pages\/19\/revisions\/2906"}],"wp:attachment":[{"href":"https:\/\/grandline.200.solutions\/index.php?rest_route=%2Fwp%2Fv2%2Fmedia&parent=19"}],"curies":[{"name":"wp","href":"https:\/\/api.w.org\/{rel}","templated":true}]}}